{"id":3335,"date":"2020-02-12T13:04:29","date_gmt":"2020-02-12T11:04:29","guid":{"rendered":"https:\/\/nodusbarbera.cat\/aviso-legal\/"},"modified":"2020-02-12T13:04:29","modified_gmt":"2020-02-12T11:04:29","slug":"aviso-legal","status":"publish","type":"page","link":"https:\/\/nodusbarbera.cat\/es\/aviso-legal\/","title":{"rendered":"Aviso legal"},"content":{"rendered":"<p><span style=\"font-weight: 400;\">El prop\u00f3sito de este Aviso legal es informar a los usuarios de <\/span><span style=\"font-weight: 400;\">www.nodusbarbera.cat<\/span><span style=\"font-weight: 400;\"> , domiciliada en c\/ Mogoda, 1 de Barber\u00e0 del Vall\u00e8s la raz\u00f3n social del Responsable de tratamiento es ACTIVIDADES INTEGRADAS, S. a. , de cu\u00e1l es su pol\u00edtica de protecci\u00f3n de la privacidad y confidencialidad de los datos de car\u00e1cter personal que sus usuarios facilitan de forma libre y voluntaria.<\/span><\/p>\n<p><span style=\"font-weight: 400;\">ACTIVIDADES INTEGRADAS, S. a. pose en conocimiento que dispone de sus datos de car\u00e1cter personal especificadas en el correspondiente registro de actividades del tratamiento de la empresa denominado Gesti\u00f3n de Usuarios Web.<\/span><\/p>\n<p><span style=\"font-weight: 400;\">La base legal para el tratamiento de sus datos es el consentimiento obtenido del propio titular del tratamiento en el momento de agasajar nuestro formulario online y aceptar de forma expresa el mismo.<\/span><\/p>\n<p><span style=\"font-weight: 400;\">La finalidad de la creaci\u00f3n, existencia y mantenimiento es el tratamiento de la informaci\u00f3n con las exclusivas finalidades de poder hacer efectiva la solicitud de informaci\u00f3n y\/o env\u00edo de newsletters siempre que as\u00ed nos lo autorice.<\/span><\/p>\n<p><span style=\"font-weight: 400;\">Los destinatarios de la informaci\u00f3n son todos los departamentos, compartimentos, locales y entidades asociadas en los cuales se organizan ACTIVIDADES INTEGRADAS, S. a. y no ser\u00e1n cedidos a ning\u00fan tercero excepto en los casos que existe una obligaci\u00f3n legal.<\/span><\/p>\n<p><span style=\"font-weight: 400;\">En todo caso, usted tiene derecho a obtener la confirmaci\u00f3n sobre s\u00ed a ACTIVIDADES INTEGRADAS, S. a., estamos tratando sus datos personales por lo tanto tiene derecho a acceder a sus datos personales, rectificar los datos inexactos o solicitar la supresi\u00f3n cuando la informaci\u00f3n ya no sea necesarios.<\/span><\/p>\n<p><span style=\"font-weight: 400;\">Los campos del formulario marcados como a requeridos son d\u00b4obligada complimentaci\u00f3 para poder hacer efectiva su solicitud de informaci\u00f3n.<\/span><\/p>\n<p><span style=\"font-weight: 400;\">La Web <\/span><span style=\"font-weight: 400;\">www.nodusbarbera.cat<\/span><span style=\"font-weight: 400;\"> ha adoptado las medidas de \u00edndole t\u00e9cnica y organizativas necesarias, seg\u00fan el nivel de seguridad de protecci\u00f3n de datos que corresponda legalmente, para garantizar la seguridad del tratamiento de datos de car\u00e1cter personal que constituye su fichero automatizado. Sin embargo, el usuario tiene que ser consciente que en la actualidad las medidas de seguridad a Internet no son imprevisibles y por tanto no est\u00e1 a salvo de posibles intromisiones ilegales y improdusades, que no ser\u00edan responsabilidad de ACTIVIDADES INTEGRADAS, S. a., puesto que ha actuado con la diligencia debida para proteger los datos conforme determina la ley.<\/span><\/p>\n<p><span style=\"font-weight: 400;\">La pol\u00edtica de cookies de la Web <\/span><span style=\"font-weight: 400;\">www.nodusbarbera.cat<\/span> <span style=\"font-weight: 400;\">se encuentra determinada en el correspondiente apartado.<\/span><\/p>\n<p><span style=\"font-weight: 400;\">La web<\/span><span style=\"font-weight: 400;\">www.nodusbarbera.cat<\/span><span style=\"font-weight: 400;\"> har\u00e1 todo el posible porque su informaci\u00f3n est\u00e1 siempre actualizada. Sin embargo, la responsabilidad sobre la calidad de los datos depende del titular de ellos, de aqu\u00ed que si existe una modificaci\u00f3n de los datos, el usuario de la web los comunicar\u00e1 al responsable del fichero, declinando toda responsabilidad en caso de que omita su obligaci\u00f3n de notificar los cambios.<\/span><\/p>\n<p><span style=\"font-weight: 400;\">La prestaci\u00f3n del servicio de esta web y las presentes condiciones de uso del sitio web se rigen por la Ley Espa\u00f1ola. Por cualquier discrepancia en la ejecuci\u00f3n, interpretaci\u00f3n, cumplimiento de estas condiciones, las partes se someten a los Juzgados y Tribunales competentes.<\/span><\/p>\n","protected":false},"excerpt":{"rendered":"<p>El prop\u00f3sito de este Aviso legal es informar a los usuarios de www.nodusbarbera.cat , domiciliada en c\/ Mogoda, 1 de Barber\u00e0 del Vall\u00e8s la raz\u00f3n social del Responsable de tratamiento es ACTIVIDADES INTEGRADAS, S. a. , de cu\u00e1l es su pol\u00edtica de protecci\u00f3n de la privacidad y confidencialidad de los datos de car\u00e1cter personal que [&hellip;]<\/p>\n","protected":false},"author":2,"featured_media":0,"parent":0,"menu_order":0,"comment_status":"closed","ping_status":"closed","template":"","meta":{"footnotes":""},"class_list":["post-3335","page","type-page","status-publish","hentry"],"yoast_head":"<!-- This site is optimized with the Yoast SEO plugin v27.6 - https:\/\/yoast.com\/product\/yoast-seo-wordpress\/ -->\n<title>Aviso legal - Nodus Barber\u00e0<\/title>\n<meta name=\"robots\" content=\"index, follow, max-snippet:-1, max-image-preview:large, max-video-preview:-1\" \/>\n<link rel=\"canonical\" href=\"https:\/\/nodusbarbera.cat\/es\/aviso-legal\/\" \/>\n<meta property=\"og:locale\" content=\"es_ES\" \/>\n<meta property=\"og:type\" content=\"article\" \/>\n<meta property=\"og:title\" content=\"Aviso legal - Nodus Barber\u00e0\" \/>\n<meta property=\"og:description\" content=\"El prop\u00f3sito de este Aviso legal es informar a los usuarios de www.nodusbarbera.cat , domiciliada en c\/ Mogoda, 1 de Barber\u00e0 del Vall\u00e8s la raz\u00f3n social del Responsable de tratamiento es ACTIVIDADES INTEGRADAS, S. a. , de cu\u00e1l es su pol\u00edtica de protecci\u00f3n de la privacidad y confidencialidad de los datos de car\u00e1cter personal que [&hellip;]\" \/>\n<meta property=\"og:url\" content=\"https:\/\/nodusbarbera.cat\/es\/aviso-legal\/\" \/>\n<meta property=\"og:site_name\" content=\"Nodus Barber\u00e0\" \/>\n<meta property=\"article:publisher\" content=\"https:\/\/www.facebook.com\/nodusbarbera\" \/>\n<meta name=\"twitter:card\" content=\"summary_large_image\" \/>\n<meta name=\"twitter:site\" content=\"@nodusbarbera\" \/>\n<meta name=\"twitter:label1\" content=\"Tiempo de lectura\" \/>\n\t<meta name=\"twitter:data1\" content=\"3 minutos\" \/>\n<script type=\"application\/ld+json\" class=\"yoast-schema-graph\">{\"@context\":\"https:\\\/\\\/schema.org\",\"@graph\":[{\"@type\":\"WebPage\",\"@id\":\"https:\\\/\\\/nodusbarbera.cat\\\/es\\\/aviso-legal\\\/\",\"url\":\"https:\\\/\\\/nodusbarbera.cat\\\/es\\\/aviso-legal\\\/\",\"name\":\"Aviso legal - Nodus Barber\u00e0\",\"isPartOf\":{\"@id\":\"https:\\\/\\\/nodusbarbera.cat\\\/#website\"},\"datePublished\":\"2020-02-12T11:04:29+00:00\",\"breadcrumb\":{\"@id\":\"https:\\\/\\\/nodusbarbera.cat\\\/es\\\/aviso-legal\\\/#breadcrumb\"},\"inLanguage\":\"es\",\"potentialAction\":[{\"@type\":\"ReadAction\",\"target\":[\"https:\\\/\\\/nodusbarbera.cat\\\/es\\\/aviso-legal\\\/\"]}]},{\"@type\":\"BreadcrumbList\",\"@id\":\"https:\\\/\\\/nodusbarbera.cat\\\/es\\\/aviso-legal\\\/#breadcrumb\",\"itemListElement\":[{\"@type\":\"ListItem\",\"position\":1,\"name\":\"Inici\",\"item\":\"https:\\\/\\\/nodusbarbera.cat\\\/\"},{\"@type\":\"ListItem\",\"position\":2,\"name\":\"Aviso legal\"}]},{\"@type\":\"WebSite\",\"@id\":\"https:\\\/\\\/nodusbarbera.cat\\\/#website\",\"url\":\"https:\\\/\\\/nodusbarbera.cat\\\/\",\"name\":\"Nodus Barber\u00e0\",\"description\":\"Lloguer d&#039;oficines i despatxos a Barber\u00e0 del Vall\u00e8s, Barcelona.\",\"publisher\":{\"@id\":\"https:\\\/\\\/nodusbarbera.cat\\\/#organization\"},\"potentialAction\":[{\"@type\":\"SearchAction\",\"target\":{\"@type\":\"EntryPoint\",\"urlTemplate\":\"https:\\\/\\\/nodusbarbera.cat\\\/?s={search_term_string}\"},\"query-input\":{\"@type\":\"PropertyValueSpecification\",\"valueRequired\":true,\"valueName\":\"search_term_string\"}}],\"inLanguage\":\"es\"},{\"@type\":\"Organization\",\"@id\":\"https:\\\/\\\/nodusbarbera.cat\\\/#organization\",\"name\":\"Nodus Barber\u00e0\",\"url\":\"https:\\\/\\\/nodusbarbera.cat\\\/\",\"logo\":{\"@type\":\"ImageObject\",\"inLanguage\":\"es\",\"@id\":\"https:\\\/\\\/nodusbarbera.cat\\\/#\\\/schema\\\/logo\\\/image\\\/\",\"url\":\"https:\\\/\\\/i0.wp.com\\\/nodusbarbera.cat\\\/wp-content\\\/uploads\\\/logo-footer-250.png?fit=250%2C231&ssl=1\",\"contentUrl\":\"https:\\\/\\\/i0.wp.com\\\/nodusbarbera.cat\\\/wp-content\\\/uploads\\\/logo-footer-250.png?fit=250%2C231&ssl=1\",\"width\":250,\"height\":231,\"caption\":\"Nodus Barber\u00e0\"},\"image\":{\"@id\":\"https:\\\/\\\/nodusbarbera.cat\\\/#\\\/schema\\\/logo\\\/image\\\/\"},\"sameAs\":[\"https:\\\/\\\/www.facebook.com\\\/nodusbarbera\",\"https:\\\/\\\/x.com\\\/nodusbarbera\",\"https:\\\/\\\/www.instagram.com\\\/nodusbarbera\\\/\",\"https:\\\/\\\/www.linkedin.com\\\/company\\\/nodus-barbera\\\/\",\"https:\\\/\\\/www.youtube.com\\\/channel\\\/UCLJYdjFDfFQP1aGYuzUFd6A\"]}]}<\/script>\n<!-- \/ Yoast SEO plugin. -->","yoast_head_json":{"title":"Aviso legal - Nodus Barber\u00e0","robots":{"index":"index","follow":"follow","max-snippet":"max-snippet:-1","max-image-preview":"max-image-preview:large","max-video-preview":"max-video-preview:-1"},"canonical":"https:\/\/nodusbarbera.cat\/es\/aviso-legal\/","og_locale":"es_ES","og_type":"article","og_title":"Aviso legal - Nodus Barber\u00e0","og_description":"El prop\u00f3sito de este Aviso legal es informar a los usuarios de www.nodusbarbera.cat , domiciliada en c\/ Mogoda, 1 de Barber\u00e0 del Vall\u00e8s la raz\u00f3n social del Responsable de tratamiento es ACTIVIDADES INTEGRADAS, S. a. , de cu\u00e1l es su pol\u00edtica de protecci\u00f3n de la privacidad y confidencialidad de los datos de car\u00e1cter personal que [&hellip;]","og_url":"https:\/\/nodusbarbera.cat\/es\/aviso-legal\/","og_site_name":"Nodus Barber\u00e0","article_publisher":"https:\/\/www.facebook.com\/nodusbarbera","twitter_card":"summary_large_image","twitter_site":"@nodusbarbera","twitter_misc":{"Tiempo de lectura":"3 minutos"},"schema":{"@context":"https:\/\/schema.org","@graph":[{"@type":"WebPage","@id":"https:\/\/nodusbarbera.cat\/es\/aviso-legal\/","url":"https:\/\/nodusbarbera.cat\/es\/aviso-legal\/","name":"Aviso legal - Nodus Barber\u00e0","isPartOf":{"@id":"https:\/\/nodusbarbera.cat\/#website"},"datePublished":"2020-02-12T11:04:29+00:00","breadcrumb":{"@id":"https:\/\/nodusbarbera.cat\/es\/aviso-legal\/#breadcrumb"},"inLanguage":"es","potentialAction":[{"@type":"ReadAction","target":["https:\/\/nodusbarbera.cat\/es\/aviso-legal\/"]}]},{"@type":"BreadcrumbList","@id":"https:\/\/nodusbarbera.cat\/es\/aviso-legal\/#breadcrumb","itemListElement":[{"@type":"ListItem","position":1,"name":"Inici","item":"https:\/\/nodusbarbera.cat\/"},{"@type":"ListItem","position":2,"name":"Aviso legal"}]},{"@type":"WebSite","@id":"https:\/\/nodusbarbera.cat\/#website","url":"https:\/\/nodusbarbera.cat\/","name":"Nodus Barber\u00e0","description":"Lloguer d&#039;oficines i despatxos a Barber\u00e0 del Vall\u00e8s, Barcelona.","publisher":{"@id":"https:\/\/nodusbarbera.cat\/#organization"},"potentialAction":[{"@type":"SearchAction","target":{"@type":"EntryPoint","urlTemplate":"https:\/\/nodusbarbera.cat\/?s={search_term_string}"},"query-input":{"@type":"PropertyValueSpecification","valueRequired":true,"valueName":"search_term_string"}}],"inLanguage":"es"},{"@type":"Organization","@id":"https:\/\/nodusbarbera.cat\/#organization","name":"Nodus Barber\u00e0","url":"https:\/\/nodusbarbera.cat\/","logo":{"@type":"ImageObject","inLanguage":"es","@id":"https:\/\/nodusbarbera.cat\/#\/schema\/logo\/image\/","url":"https:\/\/i0.wp.com\/nodusbarbera.cat\/wp-content\/uploads\/logo-footer-250.png?fit=250%2C231&ssl=1","contentUrl":"https:\/\/i0.wp.com\/nodusbarbera.cat\/wp-content\/uploads\/logo-footer-250.png?fit=250%2C231&ssl=1","width":250,"height":231,"caption":"Nodus Barber\u00e0"},"image":{"@id":"https:\/\/nodusbarbera.cat\/#\/schema\/logo\/image\/"},"sameAs":["https:\/\/www.facebook.com\/nodusbarbera","https:\/\/x.com\/nodusbarbera","https:\/\/www.instagram.com\/nodusbarbera\/","https:\/\/www.linkedin.com\/company\/nodus-barbera\/","https:\/\/www.youtube.com\/channel\/UCLJYdjFDfFQP1aGYuzUFd6A"]}]}},"_links":{"self":[{"href":"https:\/\/nodusbarbera.cat\/es\/wp-json\/wp\/v2\/pages\/3335","targetHints":{"allow":["GET"]}}],"collection":[{"href":"https:\/\/nodusbarbera.cat\/es\/wp-json\/wp\/v2\/pages"}],"about":[{"href":"https:\/\/nodusbarbera.cat\/es\/wp-json\/wp\/v2\/types\/page"}],"author":[{"embeddable":true,"href":"https:\/\/nodusbarbera.cat\/es\/wp-json\/wp\/v2\/users\/2"}],"replies":[{"embeddable":true,"href":"https:\/\/nodusbarbera.cat\/es\/wp-json\/wp\/v2\/comments?post=3335"}],"version-history":[{"count":0,"href":"https:\/\/nodusbarbera.cat\/es\/wp-json\/wp\/v2\/pages\/3335\/revisions"}],"wp:attachment":[{"href":"https:\/\/nodusbarbera.cat\/es\/wp-json\/wp\/v2\/media?parent=3335"}],"curies":[{"name":"wp","href":"https:\/\/api.w.org\/{rel}","templated":true}]}}