{"id":3431,"date":"2018-10-26T10:32:12","date_gmt":"2018-10-26T08:32:12","guid":{"rendered":"https:\/\/nodusbarbera.cat\/contacte\/"},"modified":"2025-07-23T07:46:51","modified_gmt":"2025-07-23T06:46:51","slug":"contacto","status":"publish","type":"page","link":"https:\/\/nodusbarbera.cat\/es\/contacto\/","title":{"rendered":"Contacto"},"content":{"rendered":"<h1>Contacto<\/h1>\n<h1>Formulario<\/h1>\n<div>\n<p>Inf\u00f3rmate de todo lo que puedes encontrar en el centro de negocios por excelencia del Vall\u00e8s.<\/p>\n<p>Mucho m\u00e1s que oficinas y despachos de alquiler.<\/p>\n<\/div>\n<div>\n\n<div class=\"wpcf7 no-js\" id=\"wpcf7-f3443-o1\" lang=\"ca\" dir=\"ltr\" data-wpcf7-id=\"3443\">\n<div class=\"screen-reader-response\"><p role=\"status\" aria-live=\"polite\" aria-atomic=\"true\"><\/p> <ul><\/ul><\/div>\n<form action=\"\/es\/wp-json\/wp\/v2\/pages\/3431#wpcf7-f3443-o1\" method=\"post\" class=\"wpcf7-form init\" aria-label=\"Formulari de contacte\" novalidate=\"novalidate\" data-status=\"init\">\n<fieldset class=\"hidden-fields-container\"><input type=\"hidden\" name=\"_wpcf7\" value=\"3443\" \/><input type=\"hidden\" name=\"_wpcf7_version\" value=\"6.1.5\" \/><input type=\"hidden\" name=\"_wpcf7_locale\" value=\"ca\" \/><input type=\"hidden\" name=\"_wpcf7_unit_tag\" value=\"wpcf7-f3443-o1\" \/><input type=\"hidden\" name=\"_wpcf7_container_post\" value=\"0\" \/><input type=\"hidden\" name=\"_wpcf7_posted_data_hash\" value=\"\" \/><input type=\"hidden\" name=\"_wpcf7_recaptcha_response\" value=\"\" \/>\n<\/fieldset>\n<p><label> Tu nombre (obligatorio)<br \/>\n<span class=\"wpcf7-form-control-wrap\" data-name=\"your-name\"><input size=\"40\" maxlength=\"400\" class=\"wpcf7-form-control wpcf7-text wpcf7-validates-as-required uk-input\" aria-required=\"true\" aria-invalid=\"false\" value=\"\" type=\"text\" name=\"your-name\" \/><\/span> <\/label>\n<\/p>\n<p><label> Tus apellidos (obligatorio)<br \/>\n<span class=\"wpcf7-form-control-wrap\" data-name=\"cognom\"><input size=\"40\" maxlength=\"400\" class=\"wpcf7-form-control wpcf7-text uk-input\" aria-invalid=\"false\" value=\"\" type=\"text\" name=\"cognom\" \/><\/span> <\/label>\n<\/p>\n<p><label> Tu correo electr\u00f3nico (obligatorio)<br \/>\n<span class=\"wpcf7-form-control-wrap\" data-name=\"your-email\"><input size=\"40\" maxlength=\"400\" class=\"wpcf7-form-control wpcf7-email wpcf7-validates-as-required wpcf7-text wpcf7-validates-as-email uk-input\" aria-required=\"true\" aria-invalid=\"false\" value=\"\" type=\"email\" name=\"your-email\" \/><\/span> <\/label>\n<\/p>\n<p><span class=\"wpcf7-form-control-wrap\" data-name=\"menu-546\"><select class=\"wpcf7-form-control wpcf7-select wpcf7-validates-as-required uk-select\" aria-required=\"true\" aria-invalid=\"false\" name=\"menu-546\"><option value=\"General\">General<\/option><option value=\"Informaci\u00f3n despachos\">Informaci\u00f3n despachos<\/option><option value=\"Informaci\u00f3n coworking\">Informaci\u00f3n coworking<\/option><option value=\"Informaci\u00f3n oficina virtual\">Informaci\u00f3n oficina virtual<\/option><option value=\"Informaci\u00f3n salas o espacios\">Informaci\u00f3n salas o espacios<\/option><\/select><\/span>\n<\/p>\n<p><label> Asunto<br \/>\n<span class=\"wpcf7-form-control-wrap\" data-name=\"your-subject\"><input size=\"40\" maxlength=\"400\" class=\"wpcf7-form-control wpcf7-text uk-input\" aria-invalid=\"false\" value=\"\" type=\"text\" name=\"your-subject\" \/><\/span> <\/label>\n<\/p>\n<p><label> Tu mensaje<br \/>\n<span class=\"wpcf7-form-control-wrap\" data-name=\"your-message\"><textarea cols=\"40\" rows=\"10\" maxlength=\"2000\" class=\"wpcf7-form-control wpcf7-textarea uk-textarea\" aria-invalid=\"false\" name=\"your-message\"><\/textarea><\/span> <\/label>\n<\/p>\n<p><label><br \/>\n<small>Reglamento General de Protecci\u00f3n de Datos (RGPD)<br \/>\nEn nombre de la empresa ACTIVIDADES INTEGRADAS, S. A., propietaria del dominio web www.nodusbarbera.cat, les informamos que tratamos la informaci\u00f3n que nos facilita en el presente formulario para poder hacer efectiva su solicitud de informaci\u00f3n. Los datos proporcionados se conservar\u00e1n mientras se realiza el procesamiento de su solicitud de informaci\u00f3n y se da respuesta. Usted tiene derecho a obtener confirmaci\u00f3n sobre si a ACTIVIDADES INTEGRADAS, SA estamos tratando sus datos personales, por lo que, usted puede acceder a la informaci\u00f3n relacionada con sus datos a fin de rectificarlos o solicitar la supresi\u00f3n si lo considera oportuno, tal y como se menciona en nuestro <a href=\"\/es\/aviso-legal\/\" target=\"_blank\">Aviso Legal<\/a>.<br \/>\nSolicitamos su autorizaci\u00f3n expresa para poder enviarle informaci\u00f3n de nuestros servicios, novedades y actividades que puedan resultar de su inter\u00e9s. <\/small><\/label><br \/>\n<span class=\"wpcf7-form-control-wrap\" data-name=\"aceptacion-RGPD\"><span class=\"wpcf7-form-control wpcf7-acceptance\"><span class=\"wpcf7-list-item\"><label><input type=\"checkbox\" name=\"aceptacion-RGPD\" value=\"1\" aria-invalid=\"false\" \/><span class=\"wpcf7-list-item-label\">He le\u00eddo y acepto la <a href=\"\/es\/politica-de-privacidad-cookies\/\" target=\"_blank\">Pol\u00edtica de privacidad<\/a><\/span><\/label><\/span><\/span><\/span>\n<\/p>\n<p><input class=\"wpcf7-form-control wpcf7-submit has-spinner uk-button uk-button-secondary\" type=\"submit\" value=\"Enviar\" \/>\n<\/p><div class=\"wpcf7-response-output\" aria-hidden=\"true\"><\/div>\n<\/form>\n<\/div>\n<\/div>\n<h3><span class=\"uk-heading-divider\">Direcci\u00f3n<\/span><\/h3>\n<div>\n<p>Calle Mogoda, 1 <br \/>Pol\u00edgono Industrial Can Salvatella <br \/>08210 Barber\u00e1 Del Valles, Barcelona<br \/><a href=\"https:\/\/goo.gl\/maps\/yhvEEQPzkBB2\" target=\"_blank\" rel=\"noopener\">C\u00f3mo llegar<\/a><\/p>\n<\/div>\n<h3><span class=\"uk-heading-divider\">Contacto<\/span><\/h3>\n<div>\n<p><a class=\"\" href=\"tel:+937297272\">Tel. +34 93 729 72 72<\/a><br \/><a class=\"\" href=\"mailto:nodus@nodusbarbera.cat\">nodus@nodusbarbera.cat<\/a><\/p>\n<\/div>\n<h3><span class=\"uk-heading-divider\">Horario<\/span><\/h3>\n<ul>\n<li>\n<h3>Lunes a jueves<\/h3>\n<div>\n<p>8:00 &#8211; 18:00 h<\/p>\n<\/div>\n<\/li>\n<li>\n<h3>Viernes<\/h3>\n<div>\n<p>8:00 \u2013 16:00 h<\/p>\n<\/div>\n<\/li>\n<\/ul>\n<div>\n<p>41.5155,2.1511<\/p>\n<h3>NODUS BARBER\u00c0<\/h3>\n<div>\n<p>Pol. Ind. Can Salvatella<br \/>\nCarrer Mogoda, 1, 08210<br \/> <br \/>\nBarber\u00e0 del Vall\u00e8s, Barcelona<br \/> \n<\/p>\n<p><a href=\"mailto:\nnodus@nodusbarbera.cat\">nodus@nodusbarbera.cat<\/a><br \/>\n<a class=\"uk-link-reset\" href=\"tel:937297272\">+34 93 729 72 72<\/a><\/p>\n<\/div>\n<\/div>\n<p><!--more--><br \/>\n<!-- {\"name\":\"Contact\",\"type\":\"layout\",\"children\":[{\"name\":\"Image\",\"type\":\"section\",\"props\":{\"animation\":\"fade\",\"animation_delay\":\"200\",\"css\":\".el-section > [class*='uk-background-'] { min-height: 40vh; }\",\"height_viewport\":false,\"image\":\"wp-content\\\/uploads\\\/contacte.jpg\",\"image_effect\":\"fixed\",\"image_position\":\"center-center\",\"image_size\":\"cover\",\"image_width\":\"2560\",\"media_overlay\":\"rgba(0, 0, 0, 0.44)\",\"padding\":\"xlarge\",\"preserve_color\":false,\"style\":\"default\",\"text_color\":\"light\",\"title_breakpoint\":\"xl\",\"title_position\":\"top-left\",\"title_rotation\":\"left\",\"vertical_align\":\"\",\"width\":\"large\"},\"children\":[{\"type\":\"row\",\"children\":[{\"type\":\"column\",\"props\":{\"image_position\":\"center-center\",\"position_sticky_breakpoint\":\"m\",\"width_medium\":\"1-1\"},\"children\":[{\"type\":\"headline\",\"props\":{\"block_align\":\"center\",\"content\":\"Contacto\",\"maxwidth\":\"2xlarge\",\"text_align\":\"center\",\"title_element\":\"h1\",\"title_style\":\"heading-large\"}}]}]}]},{\"name\":\"Contact\",\"type\":\"section\",\"props\":{\"animation\":\"fade\",\"image_position\":\"center-center\",\"image_size\":\"cover\",\"padding\":\"large\",\"padding_remove_bottom\":false,\"style\":\"default\",\"title_breakpoint\":\"xl\",\"title_position\":\"top-left\",\"title_rotation\":\"left\",\"vertical_align\":\"\",\"width\":\"large\"},\"children\":[{\"type\":\"row\",\"props\":{\"layout\":\"1-2,1-2\"},\"children\":[{\"type\":\"column\",\"props\":{\"image_position\":\"center-center\",\"position_sticky_breakpoint\":\"m\",\"width_medium\":\"1-2\"},\"children\":[{\"type\":\"headline\",\"props\":{\"content\":\"Formulario\",\"maxwidth\":\"2xlarge\",\"text_align\":\"left\",\"title_element\":\"h1\",\"title_style\":\"heading-small\"}},{\"type\":\"divider\",\"props\":{\"divider_element\":\"div\",\"divider_style\":\"small\"}},{\"type\":\"text\",\"props\":{\"column_breakpoint\":\"m\",\"content\":\"\n\n<p>Inf\\u00f3rmate de todo lo que puedes encontrar en el centro de negocios por excelencia del Vall\\u00e8s.<\\\/p>\\n\n\n<p>Mucho m\\u00e1s que oficinas y despachos de alquiler.<\\\/p>\",\"margin\":\"medium\",\"maxwidth\":\"xlarge\",\"text_align\":\"left\",\"text_style\":\"lead\"}}]},{\"type\":\"column\",\"props\":{\"image_position\":\"center-center\",\"position_sticky_breakpoint\":\"m\",\"width_medium\":\"1-2\"},\"children\":[{\"type\":\"html\",\"props\":{\"content\":\"[contact-form-7 id=\\\"3443\\\" title=\\\"Formulari de contacte ES\\\"]\"}}]}]},{\"type\":\"row\",\"props\":{\"column_gap\":\"large\",\"layout\":\"1-3,1-3,1-3\",\"margin\":\"xlarge\",\"row_gap\":\"large\",\"width\":\"large\"},\"children\":[{\"type\":\"column\",\"props\":{\"image_position\":\"center-center\",\"position_sticky_breakpoint\":\"m\",\"width_medium\":\"1-3\"},\"children\":[{\"type\":\"headline\",\"props\":{\"content\":\"<span class=\\\"uk-heading-divider\\\">Direcci\\u00f3n<\\\/span>\",\"margin\":\"medium\",\"margin_remove_bottom\":true,\"title_element\":\"h3\",\"title_style\":\"h4\"}},{\"type\":\"text\",\"props\":{\"column_breakpoint\":\"m\",\"content\":\"\n\n<p>Calle Mogoda, 1 <br \\\/>Pol\\u00edgono Industrial Can Salvatella <br \\\/>08210 Barber\\u00e1 Del Valles, Barcelona<br \\\/><a href=\\\"https:\\\/\\\/goo.gl\\\/maps\\\/yhvEEQPzkBB2\\\" target=\\\"_blank\\\" rel=\\\"noopener\\\">C\\u00f3mo llegar<\\\/a><\\\/p>\",\"margin\":\"default\",\"text_align\":\"left\",\"text_style\":\"lead\"}}]},{\"type\":\"column\",\"props\":{\"image_position\":\"center-center\",\"position_sticky_breakpoint\":\"m\",\"width_medium\":\"1-3\"},\"children\":[{\"type\":\"headline\",\"props\":{\"content\":\"<span class=\\\"uk-heading-divider\\\">Contacto<\\\/span>\",\"margin_remove_bottom\":false,\"title_element\":\"h3\",\"title_style\":\"h4\"}},{\"type\":\"text\",\"props\":{\"column_breakpoint\":\"m\",\"content\":\"\n\n<p><a class=\\\"\\\" href=\\\"tel:+937297272\\\">Tel. +34 93 729 72 72<\\\/a><br \\\/><a class=\\\"\\\" href=\\\"mailto:nodus@nodusbarbera.cat\\\">nodus@nodusbarbera.cat<\\\/a><\\\/p>\",\"margin\":\"remove-vertical\",\"margin_remove_bottom\":true,\"text_style\":\"lead\"}}]},{\"type\":\"column\",\"props\":{\"image_position\":\"center-center\",\"position_sticky_breakpoint\":\"m\",\"width_medium\":\"1-3\"},\"children\":[{\"type\":\"headline\",\"props\":{\"content\":\"<span class=\\\"uk-heading-divider\\\">Horario<\\\/span>\",\"margin\":\"medium\",\"margin_remove_bottom\":true,\"title_element\":\"h3\",\"title_style\":\"h4\"}},{\"type\":\"description_list\",\"props\":{\"column_breakpoint\":\"m\",\"content_style\":\"text-lead\",\"layout\":\"grid-2\",\"list_element\":\"ul\",\"meta_align\":\"below-content\",\"meta_style\":\"text-meta\",\"show_content\":true,\"show_link\":true,\"show_meta\":true,\"show_title\":true,\"title_colon\":false,\"title_element\":\"h3\",\"title_grid_column_gap\":\"small\",\"title_grid_row_gap\":\"small\",\"title_grid_width\":\"small\",\"title_style\":\"h5\"},\"children\":[{\"type\":\"description_list_item\",\"props\":{\"content\":\"\n\n<p>8:00 - 18:00 h<\\\/p>\",\"title\":\"Lunes a jueves\"}},{\"type\":\"description_list_item\",\"props\":{\"content\":\"\n\n<p>8:00 \\u2013 16:00 h<\\\/p>\",\"title\":\"Viernes\"}}]}]}]}]},{\"name\":\"Map\",\"type\":\"section\",\"props\":{\"image_position\":\"center-center\",\"padding\":\"none\",\"style\":\"default\",\"title_breakpoint\":\"xl\",\"title_position\":\"top-left\",\"title_rotation\":\"left\",\"vertical_align\":\"\",\"width\":\"\"},\"children\":[{\"type\":\"row\",\"children\":[{\"type\":\"column\",\"props\":{\"image_position\":\"center-center\",\"position_sticky_breakpoint\":\"m\",\"width_medium\":\"1-1\"},\"children\":[{\"type\":\"map\",\"props\":{\"controls\":false,\"dragging\":false,\"height\":\"500\",\"image_svg_color\":\"emphasis\",\"link_style\":\"default\",\"link_text\":\"Read more\",\"margin\":\"\",\"max_zoom\":18,\"meta_align\":\"below-title\",\"meta_element\":\"div\",\"meta_style\":\"text-meta\",\"min_zoom\":0,\"poi\":false,\"show_content\":true,\"show_image\":true,\"show_link\":true,\"show_meta\":true,\"show_title\":true,\"styler_gamma\":\"0.3\",\"styler_lightness\":\"90\",\"styler_saturation\":\"-100\",\"title_element\":\"h3\",\"title_hover_style\":\"reset\",\"type\":\"roadmap\",\"zoom\":\"10\",\"zooming\":false},\"children\":[{\"type\":\"map_item\",\"props\":{\"content\":\"\n\n<p>Pol. Ind. Can Salvatella<br \/>\\nCarrer Mogoda, 1, 08210<br \/> \\nBarber\\u00e0 del Vall\\u00e8s, Barcelona<br \/> \\n<\\\/p>\\n\n\n<p><a href=\\\"mailto:\\nnodus@nodusbarbera.cat\\\">nodus@nodusbarbera.cat<\\\/a><br \/>\\n<a class=\\\"uk-link-reset\\\" href=\\\"tel:937297272\\\">+34 93 729 72 72<\\\/a><\\\/p>\",\"location\":\"41.5155,2.1511\",\"title\":\"NODUS BARBER\\u00c0\"}}]}]}]}]}],\"version\":\"4.5.24\"} --><\/p>\n","protected":false},"excerpt":{"rendered":"<p>Contacto Formulario Inf\u00f3rmate de todo lo que puedes encontrar en el centro de negocios por excelencia del Vall\u00e8s. Mucho m\u00e1s que oficinas y despachos de alquiler. Direcci\u00f3n Calle Mogoda, 1 Pol\u00edgono Industrial Can Salvatella 08210 Barber\u00e1 Del Valles, BarcelonaC\u00f3mo llegar Contacto Tel. +34 93 729 72 72nodus@nodusbarbera.cat Horario Lunes a jueves 8:00 &#8211; 18:00 h [&hellip;]<\/p>\n","protected":false},"author":1,"featured_media":0,"parent":0,"menu_order":0,"comment_status":"closed","ping_status":"closed","template":"","meta":{"footnotes":""},"class_list":["post-3431","page","type-page","status-publish","hentry"],"yoast_head":"<!-- This site is optimized with the Yoast SEO plugin v27.6 - https:\/\/yoast.com\/product\/yoast-seo-wordpress\/ -->\n<title>Contacto del centro de negocios - Nodus Barber\u00e0<\/title>\n<meta name=\"description\" content=\"Contacta con el centro de negocios por excelencia del Vall\u00e8s. Los mejores espacios y oficinas para ubicar tu empresa.\" \/>\n<meta name=\"robots\" content=\"index, follow, max-snippet:-1, max-image-preview:large, max-video-preview:-1\" \/>\n<link rel=\"canonical\" href=\"https:\/\/nodusbarbera.cat\/contacte\/\" \/>\n<meta property=\"og:locale\" content=\"es_ES\" \/>\n<meta property=\"og:type\" content=\"article\" \/>\n<meta property=\"og:title\" content=\"Contacto del centro de negocios - Nodus Barber\u00e0\" \/>\n<meta property=\"og:description\" content=\"Contacta con el centro de negocios por excelencia del Vall\u00e8s. Los mejores espacios y oficinas para ubicar tu empresa.\" \/>\n<meta property=\"og:url\" content=\"https:\/\/nodusbarbera.cat\/contacte\/\" \/>\n<meta property=\"og:site_name\" content=\"Nodus Barber\u00e0\" \/>\n<meta property=\"article:publisher\" content=\"https:\/\/www.facebook.com\/nodusbarbera\" \/>\n<meta property=\"article:modified_time\" content=\"2025-07-23T06:46:51+00:00\" \/>\n<meta name=\"twitter:card\" content=\"summary_large_image\" \/>\n<meta name=\"twitter:site\" content=\"@nodusbarbera\" \/>\n<script type=\"application\/ld+json\" class=\"yoast-schema-graph\">{\"@context\":\"https:\\\/\\\/schema.org\",\"@graph\":[{\"@type\":\"WebPage\",\"@id\":\"https:\\\/\\\/nodusbarbera.cat\\\/contacte\\\/\",\"url\":\"https:\\\/\\\/nodusbarbera.cat\\\/contacte\\\/\",\"name\":\"Contacto del centro de negocios - Nodus Barber\u00e0\",\"isPartOf\":{\"@id\":\"https:\\\/\\\/nodusbarbera.cat\\\/#website\"},\"datePublished\":\"2018-10-26T08:32:12+00:00\",\"dateModified\":\"2025-07-23T06:46:51+00:00\",\"description\":\"Contacta con el centro de negocios por excelencia del Vall\u00e8s. Los mejores espacios y oficinas para ubicar tu empresa.\",\"breadcrumb\":{\"@id\":\"https:\\\/\\\/nodusbarbera.cat\\\/contacte\\\/#breadcrumb\"},\"inLanguage\":\"es\",\"potentialAction\":[{\"@type\":\"ReadAction\",\"target\":[\"https:\\\/\\\/nodusbarbera.cat\\\/contacte\\\/\"]}]},{\"@type\":\"BreadcrumbList\",\"@id\":\"https:\\\/\\\/nodusbarbera.cat\\\/contacte\\\/#breadcrumb\",\"itemListElement\":[{\"@type\":\"ListItem\",\"position\":1,\"name\":\"Inici\",\"item\":\"https:\\\/\\\/nodusbarbera.cat\\\/\"},{\"@type\":\"ListItem\",\"position\":2,\"name\":\"Contacto\"}]},{\"@type\":\"WebSite\",\"@id\":\"https:\\\/\\\/nodusbarbera.cat\\\/#website\",\"url\":\"https:\\\/\\\/nodusbarbera.cat\\\/\",\"name\":\"Nodus Barber\u00e0\",\"description\":\"Lloguer d&#039;oficines i despatxos a Barber\u00e0 del Vall\u00e8s, Barcelona.\",\"publisher\":{\"@id\":\"https:\\\/\\\/nodusbarbera.cat\\\/#organization\"},\"potentialAction\":[{\"@type\":\"SearchAction\",\"target\":{\"@type\":\"EntryPoint\",\"urlTemplate\":\"https:\\\/\\\/nodusbarbera.cat\\\/?s={search_term_string}\"},\"query-input\":{\"@type\":\"PropertyValueSpecification\",\"valueRequired\":true,\"valueName\":\"search_term_string\"}}],\"inLanguage\":\"es\"},{\"@type\":\"Organization\",\"@id\":\"https:\\\/\\\/nodusbarbera.cat\\\/#organization\",\"name\":\"Nodus Barber\u00e0\",\"url\":\"https:\\\/\\\/nodusbarbera.cat\\\/\",\"logo\":{\"@type\":\"ImageObject\",\"inLanguage\":\"es\",\"@id\":\"https:\\\/\\\/nodusbarbera.cat\\\/#\\\/schema\\\/logo\\\/image\\\/\",\"url\":\"https:\\\/\\\/i0.wp.com\\\/nodusbarbera.cat\\\/wp-content\\\/uploads\\\/logo-footer-250.png?fit=250%2C231&ssl=1\",\"contentUrl\":\"https:\\\/\\\/i0.wp.com\\\/nodusbarbera.cat\\\/wp-content\\\/uploads\\\/logo-footer-250.png?fit=250%2C231&ssl=1\",\"width\":250,\"height\":231,\"caption\":\"Nodus Barber\u00e0\"},\"image\":{\"@id\":\"https:\\\/\\\/nodusbarbera.cat\\\/#\\\/schema\\\/logo\\\/image\\\/\"},\"sameAs\":[\"https:\\\/\\\/www.facebook.com\\\/nodusbarbera\",\"https:\\\/\\\/x.com\\\/nodusbarbera\",\"https:\\\/\\\/www.instagram.com\\\/nodusbarbera\\\/\",\"https:\\\/\\\/www.linkedin.com\\\/company\\\/nodus-barbera\\\/\",\"https:\\\/\\\/www.youtube.com\\\/channel\\\/UCLJYdjFDfFQP1aGYuzUFd6A\"]}]}<\/script>\n<!-- \/ Yoast SEO plugin. -->","yoast_head_json":{"title":"Contacto del centro de negocios - Nodus Barber\u00e0","description":"Contacta con el centro de negocios por excelencia del Vall\u00e8s. Los mejores espacios y oficinas para ubicar tu empresa.","robots":{"index":"index","follow":"follow","max-snippet":"max-snippet:-1","max-image-preview":"max-image-preview:large","max-video-preview":"max-video-preview:-1"},"canonical":"https:\/\/nodusbarbera.cat\/contacte\/","og_locale":"es_ES","og_type":"article","og_title":"Contacto del centro de negocios - Nodus Barber\u00e0","og_description":"Contacta con el centro de negocios por excelencia del Vall\u00e8s. Los mejores espacios y oficinas para ubicar tu empresa.","og_url":"https:\/\/nodusbarbera.cat\/contacte\/","og_site_name":"Nodus Barber\u00e0","article_publisher":"https:\/\/www.facebook.com\/nodusbarbera","article_modified_time":"2025-07-23T06:46:51+00:00","twitter_card":"summary_large_image","twitter_site":"@nodusbarbera","schema":{"@context":"https:\/\/schema.org","@graph":[{"@type":"WebPage","@id":"https:\/\/nodusbarbera.cat\/contacte\/","url":"https:\/\/nodusbarbera.cat\/contacte\/","name":"Contacto del centro de negocios - Nodus Barber\u00e0","isPartOf":{"@id":"https:\/\/nodusbarbera.cat\/#website"},"datePublished":"2018-10-26T08:32:12+00:00","dateModified":"2025-07-23T06:46:51+00:00","description":"Contacta con el centro de negocios por excelencia del Vall\u00e8s. Los mejores espacios y oficinas para ubicar tu empresa.","breadcrumb":{"@id":"https:\/\/nodusbarbera.cat\/contacte\/#breadcrumb"},"inLanguage":"es","potentialAction":[{"@type":"ReadAction","target":["https:\/\/nodusbarbera.cat\/contacte\/"]}]},{"@type":"BreadcrumbList","@id":"https:\/\/nodusbarbera.cat\/contacte\/#breadcrumb","itemListElement":[{"@type":"ListItem","position":1,"name":"Inici","item":"https:\/\/nodusbarbera.cat\/"},{"@type":"ListItem","position":2,"name":"Contacto"}]},{"@type":"WebSite","@id":"https:\/\/nodusbarbera.cat\/#website","url":"https:\/\/nodusbarbera.cat\/","name":"Nodus Barber\u00e0","description":"Lloguer d&#039;oficines i despatxos a Barber\u00e0 del Vall\u00e8s, Barcelona.","publisher":{"@id":"https:\/\/nodusbarbera.cat\/#organization"},"potentialAction":[{"@type":"SearchAction","target":{"@type":"EntryPoint","urlTemplate":"https:\/\/nodusbarbera.cat\/?s={search_term_string}"},"query-input":{"@type":"PropertyValueSpecification","valueRequired":true,"valueName":"search_term_string"}}],"inLanguage":"es"},{"@type":"Organization","@id":"https:\/\/nodusbarbera.cat\/#organization","name":"Nodus Barber\u00e0","url":"https:\/\/nodusbarbera.cat\/","logo":{"@type":"ImageObject","inLanguage":"es","@id":"https:\/\/nodusbarbera.cat\/#\/schema\/logo\/image\/","url":"https:\/\/i0.wp.com\/nodusbarbera.cat\/wp-content\/uploads\/logo-footer-250.png?fit=250%2C231&ssl=1","contentUrl":"https:\/\/i0.wp.com\/nodusbarbera.cat\/wp-content\/uploads\/logo-footer-250.png?fit=250%2C231&ssl=1","width":250,"height":231,"caption":"Nodus Barber\u00e0"},"image":{"@id":"https:\/\/nodusbarbera.cat\/#\/schema\/logo\/image\/"},"sameAs":["https:\/\/www.facebook.com\/nodusbarbera","https:\/\/x.com\/nodusbarbera","https:\/\/www.instagram.com\/nodusbarbera\/","https:\/\/www.linkedin.com\/company\/nodus-barbera\/","https:\/\/www.youtube.com\/channel\/UCLJYdjFDfFQP1aGYuzUFd6A"]}]}},"_links":{"self":[{"href":"https:\/\/nodusbarbera.cat\/es\/wp-json\/wp\/v2\/pages\/3431","targetHints":{"allow":["GET"]}}],"collection":[{"href":"https:\/\/nodusbarbera.cat\/es\/wp-json\/wp\/v2\/pages"}],"about":[{"href":"https:\/\/nodusbarbera.cat\/es\/wp-json\/wp\/v2\/types\/page"}],"author":[{"embeddable":true,"href":"https:\/\/nodusbarbera.cat\/es\/wp-json\/wp\/v2\/users\/1"}],"replies":[{"embeddable":true,"href":"https:\/\/nodusbarbera.cat\/es\/wp-json\/wp\/v2\/comments?post=3431"}],"version-history":[{"count":15,"href":"https:\/\/nodusbarbera.cat\/es\/wp-json\/wp\/v2\/pages\/3431\/revisions"}],"predecessor-version":[{"id":8186,"href":"https:\/\/nodusbarbera.cat\/es\/wp-json\/wp\/v2\/pages\/3431\/revisions\/8186"}],"wp:attachment":[{"href":"https:\/\/nodusbarbera.cat\/es\/wp-json\/wp\/v2\/media?parent=3431"}],"curies":[{"name":"wp","href":"https:\/\/api.w.org\/{rel}","templated":true}]}}