{"id":3772,"date":"2019-06-27T14:04:37","date_gmt":"2019-06-27T12:04:37","guid":{"rendered":"https:\/\/nodusbarbera.cat\/agenda\/pacte-reindustrialitzacio\/"},"modified":"2020-02-13T15:40:28","modified_gmt":"2020-02-13T13:40:28","slug":"pacto-reindustrializacion","status":"publish","type":"page","link":"https:\/\/nodusbarbera.cat\/es\/agenda\/pacto-reindustrializacion\/","title":{"rendered":"Grupo impulsor del pacto para la reindustrializaci\u00f3n"},"content":{"rendered":"<h2>Grupo Impulsor Pacto Reindustrializaci\u00f3n<\/h2>\n<div>\n<p>Compartimos conocimiento con el Grupo Impulsor del Pacto por la Reindustrializaci\u00f3n del Consejo Comarcal del Vall\u00e8s Occidental.<\/p>\n<p>Trabajamos por la movilidad sostenible en los pol\u00edgonos industriales. Con BusUp obtenemos resultados muy positivos en cuanto a disminuci\u00f3n del tr\u00e1fico y de la contaminaci\u00f3n.<\/p>\n<\/div>\n<p><img decoding=\"async\" src=\"wp-content\/uploads\/presentacio-busup-mobilitat-sostenible.jpg\" alt=\"mobilitat sostenible presentacio busup\"><\/p>\n<div>\n<div>\n<h3>\u00bfD\u00f3nde?<\/h3>\n<p>30 de octubre de 2018<\/p>\n<\/div>\n<\/div>\n<div>\n<div>\n<h3>Hora<\/h3>\n<p>14h<\/p>\n<\/div>\n<\/div>\n<div>\n<div>\n<h3>\u00bfD\u00f3nde?<\/h3>\n<p><a href=\"https:\/\/goo.gl\/maps\/Dnks9g3JrpxJUDYT6\" target=\"_blank\" rel=\"noopener\">Consell Comercal del Vall\u00e8s Occidental<\/a><\/p>\n<\/div>\n<\/div>\n<h2>Suscr\u00edbete a nuestro bolet\u00edn<\/h2>\n<div>\n<p>Mantente al d\u00eda de la agenda de Nodus Barber\u00e0.<\/p>\n<\/div>\n<p><!-- {\"name\":\"Event agenda\",\"type\":\"layout\",\"children\":[{\"name\":\"Intro\",\"type\":\"section\",\"props\":{\"style\":\"muted\",\"width\":\"default\",\"image_size\":\"contain\",\"animation\":\"fade\",\"padding\":\"\",\"padding_remove_top\":false,\"image\":\"\",\"image_position\":\"bottom-center\",\"media_overlay\":\"rgba(255, 255, 255, 0.87)\",\"class\":\"\",\"overlap\":false,\"image_effect\":\"\",\"text_color\":\"\",\"width_expand\":\"\",\"height\":\"\",\"header_transparent\":\"dark\",\"vertical_align\":\"middle\",\"title_position\":\"top-left\",\"title_rotation\":\"left\",\"title_breakpoint\":\"xl\"},\"children\":[{\"name\":\"\",\"type\":\"row\",\"props\":{\"fixed_width\":\"large\",\"breakpoint\":\"m\",\"layout\":\",\",\"width\":\"\",\"height\":\"\",\"margin\":\"\",\"column_gap\":\"\",\"row_gap\":\"\"},\"children\":[{\"name\":\"\",\"type\":\"column\",\"props\":{\"image_position\":\"center-center\",\"vertical_align\":\"\",\"style\":\"\",\"text_color\":\"\",\"padding\":\"\",\"media_overlay_gradient\":\"\"},\"children\":[{\"name\":\"\",\"type\":\"headline\",\"props\":{\"title_element\":\"h2\",\"content\":\"Grupo Impulsor Pacto Reindustrializaci\\u00f3n\",\"title_style\":\"heading-small\",\"text_align\":\"center\",\"title_decoration\":\"\",\"animation\":\"slide-right-medium\",\"title_color\":\"primary\",\"text_align_breakpoint\":\"\",\"text_align_fallback\":\"\",\"maxwidth\":\"\",\"maxwidth_breakpoint\":\"\",\"margin\":\"\",\"visibility\":\"\",\"block_align\":\"\",\"position\":\"\",\"position_z_index\":\"\",\"block_align_breakpoint\":\"\",\"block_align_fallback\":\"\",\"title_font_family\":\"\"}},{\"name\":\"\",\"type\":\"text\",\"props\":{\"column_breakpoint\":\"m\",\"margin\":\"default\",\"content\":\"\n\n<p>Compartimos conocimiento con el Grupo Impulsor del Pacto por la Reindustrializaci\\u00f3n del Consejo Comarcal del Vall\\u00e8s Occidental.<\\\/p>\\n\n\n<p>Trabajamos por la movilidad sostenible en los pol\\u00edgonos industriales. Con BusUp obtenemos resultados muy positivos en cuanto a disminuci\\u00f3n del tr\\u00e1fico y de la contaminaci\\u00f3n.<\\\/p>\",\"text_style\":\"\",\"text_color\":\"\",\"text_size\":\"\",\"column\":\"\",\"text_align\":\"\",\"text_align_breakpoint\":\"\",\"text_align_fallback\":\"\",\"maxwidth\":\"\",\"maxwidth_breakpoint\":\"\",\"animation\":\"\",\"visibility\":\"\",\"block_align\":\"\",\"position\":\"\",\"position_z_index\":\"\",\"block_align_breakpoint\":\"\",\"block_align_fallback\":\"\"}}]},{\"type\":\"column\",\"props\":{\"image_position\":\"center-center\",\"media_overlay_gradient\":\"\",\"vertical_align\":\"\",\"style\":\"\",\"text_color\":\"\",\"padding\":\"\"},\"children\":[{\"name\":\"\",\"type\":\"image\",\"props\":{\"margin\":\"default\",\"image\":\"wp-content\\\/uploads\\\/presentacio-busup-mobilitat-sostenible.jpg\",\"animation\":\"slide-bottom-medium\",\"link_target\":\"\",\"image_border\":\"\",\"image_box_shadow\":\"\",\"image_hover_box_shadow\":\"\",\"image_box_decoration\":\"\",\"text_align\":\"center\",\"text_align_breakpoint\":\"\",\"text_align_fallback\":\"\",\"maxwidth\":\"\",\"maxwidth_breakpoint\":\"\",\"visibility\":\"\",\"image_alt\":\"mobilitat sostenible presentacio busup\",\"image_height\":\"400\",\"image_svg_color\":\"emphasis\",\"block_align\":\"\",\"position\":\"\",\"position_z_index\":\"\",\"block_align_breakpoint\":\"\",\"block_align_fallback\":\"\"}}]}]}]},{\"type\":\"section\",\"props\":{\"style\":\"default\",\"width\":\"default\",\"vertical_align\":\"middle\",\"title_position\":\"top-left\",\"title_rotation\":\"left\",\"title_breakpoint\":\"xl\",\"image_position\":\"center-center\",\"text_color\":\"\",\"width_expand\":\"\",\"height\":\"\",\"padding\":\"\",\"header_transparent\":\"\",\"animation\":\"\"},\"children\":[{\"type\":\"row\",\"props\":{\"layout\":\",,\",\"breakpoint\":\"m\",\"fixed_width\":\"large\",\"width\":\"\",\"width_expand\":\"\",\"height\":\"\",\"margin\":\"\",\"column_gap\":\"\",\"row_gap\":\"\"},\"children\":[{\"type\":\"column\",\"props\":{\"image_position\":\"center-center\",\"media_overlay_gradient\":\"\",\"vertical_align\":\"\",\"style\":\"\",\"text_color\":\"\",\"padding\":\"\"},\"children\":[{\"type\":\"icon\",\"props\":{\"icon\":\"calendar\",\"icon_ratio\":\"3\",\"margin\":\"default\",\"icon_color\":\"primary\",\"link_style\":\"\",\"text_align\":\"center\",\"text_align_breakpoint\":\"\",\"text_align_fallback\":\"\",\"maxwidth\":\"medium\",\"maxwidth_breakpoint\":\"\",\"animation\":\"\",\"visibility\":\"\",\"block_align\":\"center\",\"position\":\"\",\"position_z_index\":\"\",\"block_align_breakpoint\":\"\",\"block_align_fallback\":\"\"}},{\"type\":\"list\",\"props\":{\"show_image\":true,\"show_link\":true,\"image_align\":\"left\",\"image_vertical_align\":false,\"list_style\":\"\",\"content_style\":\"h5\",\"image_border\":\"\",\"icon_color\":\"primary\",\"link_style\":\"\",\"text_align\":\"center\",\"text_align_breakpoint\":\"\",\"text_align_fallback\":\"\",\"maxwidth\":\"medium\",\"maxwidth_breakpoint\":\"\",\"margin\":\"\",\"animation\":\"\",\"visibility\":\"\",\"icon_ratio\":\"\",\"icon\":\"\",\"image_svg_color\":\"emphasis\",\"block_align\":\"center\",\"position\":\"\",\"position_z_index\":\"\",\"block_align_breakpoint\":\"\",\"block_align_fallback\":\"\"},\"children\":[{\"type\":\"list_item\",\"props\":{\"icon_color\":\"\",\"icon\":\"\",\"content\":\"\n\n<h3>\\u00bfD\\u00f3nde?<\\\/h3>\\n\n\n<p>30 de octubre de 2018<\\\/p>\"}}]}]},{\"type\":\"column\",\"props\":{\"image_position\":\"center-center\",\"media_overlay_gradient\":\"\",\"vertical_align\":\"\",\"style\":\"\",\"text_color\":\"\",\"padding\":\"\"},\"children\":[{\"type\":\"icon\",\"props\":{\"icon\":\"clock\",\"icon_ratio\":\"3\",\"margin\":\"default\",\"icon_color\":\"primary\",\"link_style\":\"\",\"text_align\":\"center\",\"text_align_breakpoint\":\"\",\"text_align_fallback\":\"\",\"maxwidth\":\"medium\",\"maxwidth_breakpoint\":\"\",\"animation\":\"\",\"visibility\":\"\",\"block_align\":\"center\"}},{\"type\":\"list\",\"props\":{\"show_image\":true,\"show_link\":true,\"image_align\":\"left\",\"image_vertical_align\":false,\"list_style\":\"\",\"content_style\":\"h5\",\"image_border\":\"\",\"icon_color\":\"primary\",\"link_style\":\"\",\"text_align\":\"center\",\"text_align_breakpoint\":\"\",\"text_align_fallback\":\"\",\"maxwidth\":\"medium\",\"maxwidth_breakpoint\":\"\",\"margin\":\"\",\"animation\":\"\",\"visibility\":\"\",\"icon_ratio\":\"\",\"icon\":\"\",\"image_svg_color\":\"emphasis\",\"block_align\":\"center\",\"position\":\"\",\"position_z_index\":\"\",\"block_align_breakpoint\":\"\",\"block_align_fallback\":\"\"},\"children\":[{\"type\":\"list_item\",\"props\":{\"icon_color\":\"\",\"icon\":\"\",\"content\":\"\n\n<h3>Hora<\\\/h3>\\n\n\n<p>14h<\\\/p>\"}}]}]},{\"type\":\"column\",\"props\":{\"image_position\":\"center-center\",\"media_overlay_gradient\":\"\",\"vertical_align\":\"\",\"style\":\"\",\"text_color\":\"\",\"padding\":\"\"},\"children\":[{\"type\":\"icon\",\"props\":{\"icon\":\"location\",\"icon_ratio\":\"3\",\"margin\":\"default\",\"icon_color\":\"primary\",\"link_style\":\"\",\"text_align\":\"center\",\"text_align_breakpoint\":\"\",\"text_align_fallback\":\"\",\"maxwidth\":\"medium\",\"maxwidth_breakpoint\":\"\",\"animation\":\"\",\"visibility\":\"\",\"block_align\":\"center\",\"position\":\"\",\"position_z_index\":\"\",\"block_align_breakpoint\":\"\",\"block_align_fallback\":\"\"}},{\"type\":\"list\",\"props\":{\"show_image\":true,\"show_link\":true,\"image_align\":\"left\",\"image_vertical_align\":false,\"list_style\":\"\",\"content_style\":\"h5\",\"image_border\":\"\",\"icon_color\":\"primary\",\"link_style\":\"\",\"text_align\":\"center\",\"text_align_breakpoint\":\"\",\"text_align_fallback\":\"\",\"maxwidth\":\"medium\",\"maxwidth_breakpoint\":\"\",\"margin\":\"\",\"animation\":\"\",\"visibility\":\"\",\"icon_ratio\":\"\",\"icon\":\"\",\"image_svg_color\":\"emphasis\",\"block_align\":\"center\",\"position\":\"\",\"position_z_index\":\"\",\"block_align_breakpoint\":\"\",\"block_align_fallback\":\"\"},\"children\":[{\"type\":\"list_item\",\"props\":{\"icon_color\":\"\",\"icon\":\"\",\"content\":\"\n\n<h3>\\u00bfD\\u00f3nde?<\\\/h3>\\n\n\n<p><a href=\\\"https:\\\/\\\/goo.gl\\\/maps\\\/Dnks9g3JrpxJUDYT6\\\" target=\\\"_blank\\\" rel=\\\"noopener\\\">Consell Comercal del Vall\\u00e8s Occidental<\\\/a><\\\/p>\"}}]}]}]}]},{\"name\":\"CTA NEWSLETTER ES - ACTES AGENDA\",\"type\":\"section\",\"props\":{\"style\":\"primary\",\"width\":\"small\",\"vertical_align\":\"middle\",\"title_position\":\"top-left\",\"title_rotation\":\"left\",\"title_breakpoint\":\"xl\",\"image_position\":\"center-center\",\"image\":\"wp-content\\\/uploads\\\/IMG_6048.jpg\",\"height\":\"\",\"padding\":\"large\",\"padding_remove_bottom\":false,\"image_size\":\"cover\",\"text_color\":\"light\",\"media_background\":\"rgba(170, 55, 55, 0)\",\"media_blend_mode\":\"\",\"media_overlay\":\"rgba(0, 0, 0, 0.25)\",\"image_width\":\"\",\"header_transparent\":\"\",\"animation\":\"\",\"image_effect\":\"\",\"image_visibility\":\"\",\"preserve_color\":false,\"width_expand\":\"\"},\"children\":[{\"name\":\"\",\"type\":\"row\",\"props\":{\"fixed_width\":\"large\",\"breakpoint\":\"m\",\"layout\":\"1-3,2-3\",\"margin\":\"remove-vertical\",\"width\":\"\",\"vertical_align\":false,\"column_gap\":\"large\",\"row_gap\":\"large\"},\"children\":[{\"name\":\"\",\"type\":\"column\",\"props\":{\"image_position\":\"center-center\",\"image\":\"\",\"image_size\":\"\",\"style\":\"\",\"padding\":\"large\",\"image_width\":\"1559\",\"image_height\":\"315\",\"text_color\":\"\",\"media_overlay_gradient\":\"\"},\"children\":[{\"name\":\"\",\"type\":\"headline\",\"props\":{\"title_element\":\"h2\",\"text_align\":\"left\",\"content\":\"Suscr\\u00edbete a nuestro bolet\\u00edn\",\"title_style\":\"h3\",\"title_decoration\":\"\",\"margin\":\"\",\"title_color\":\"warning\",\"maxwidth\":\"\",\"text_align_breakpoint\":\"\",\"text_align_fallback\":\"\",\"maxwidth_breakpoint\":\"\",\"animation\":\"\",\"visibility\":\"\",\"block_align\":\"\",\"title_font_family\":\"\",\"position\":\"\",\"position_z_index\":\"\",\"block_align_breakpoint\":\"\",\"block_align_fallback\":\"\"}}]},{\"name\":\"\",\"type\":\"column\",\"props\":{\"image_position\":\"center-center\",\"media_overlay_gradient\":\"\"},\"children\":[{\"name\":\"\",\"type\":\"newsletter\",\"props\":{\"layout\":\"grid\",\"show_name\":false,\"label_first_name\":\"First name\",\"label_last_name\":\"Last name\",\"label_email\":\"Correo electr\\u00f3nico\",\"label_button\":\"Enviar\",\"provider\":{\"name\":\"mailchimp\",\"after_submit\":\"message\",\"message\":\"Te has suscrito correctamente.\",\"redirect\":\"\"},\"mailchimp\":{\"client_id\":\"\",\"list_id\":\"\"},\"cmonitor\":{\"client_id\":\"\",\"list_id\":\"\"},\"button_mode\":\"button\",\"button_style\":\"primary\",\"button_icon\":\"mail\",\"form_size\":\"\",\"maxwidth\":\"xxlarge\",\"text_align\":\"\",\"margin\":\"\",\"form_style\":\"\",\"button_margin\":\"\",\"text_align_breakpoint\":\"\",\"text_align_fallback\":\"\",\"maxwidth_breakpoint\":\"\",\"animation\":\"\",\"visibility\":\"\",\"block_align\":\"\",\"gap\":\"\",\"position\":\"\",\"position_z_index\":\"\",\"block_align_breakpoint\":\"\",\"block_align_fallback\":\"\"}},{\"name\":\"\",\"type\":\"text\",\"props\":{\"margin\":\"default\",\"column_breakpoint\":\"m\",\"content\":\"\n\n<p>Mantente al d\\u00eda de la agenda de Nodus Barber\\u00e0.<\\\/p>\",\"text_style\":\"lead\",\"text_color\":\"warning\",\"text_size\":\"\",\"column\":\"\",\"text_align\":\"\",\"text_align_breakpoint\":\"\",\"text_align_fallback\":\"\",\"maxwidth\":\"\",\"maxwidth_breakpoint\":\"\",\"animation\":\"\",\"visibility\":\"\",\"css\":\".el-element {color: white !important;}\",\"block_align\":\"\",\"position\":\"\",\"position_z_index\":\"\",\"block_align_breakpoint\":\"\",\"block_align_fallback\":\"\"}}]}]}]}],\"version\":\"1.22.8\",\"props\":[]} --><\/p>\n","protected":false},"excerpt":{"rendered":"<p>Grupo Impulsor Pacto Reindustrializaci\u00f3n Compartimos conocimiento con el Grupo Impulsor del Pacto por la Reindustrializaci\u00f3n del Consejo Comarcal del Vall\u00e8s Occidental. Trabajamos por la movilidad sostenible en los pol\u00edgonos industriales. Con BusUp obtenemos resultados muy positivos en cuanto a disminuci\u00f3n del tr\u00e1fico y de la contaminaci\u00f3n. \u00bfD\u00f3nde? 30 de octubre de 2018 Hora 14h \u00bfD\u00f3nde? [&hellip;]<\/p>\n","protected":false},"author":2,"featured_media":0,"parent":3638,"menu_order":0,"comment_status":"closed","ping_status":"closed","template":"","meta":{"footnotes":""},"class_list":["post-3772","page","type-page","status-publish","hentry"],"yoast_head":"<!-- This site is optimized with the Yoast SEO plugin v27.5 - https:\/\/yoast.com\/product\/yoast-seo-wordpress\/ -->\n<title>Grupo impulsor del pacto para la reindustrializaci\u00f3n - Nodus Barber\u00e0<\/title>\n<meta name=\"robots\" content=\"index, follow, max-snippet:-1, max-image-preview:large, max-video-preview:-1\" \/>\n<link rel=\"canonical\" href=\"https:\/\/nodusbarbera.cat\/es\/agenda\/pacto-reindustrializacion\/\" \/>\n<meta property=\"og:locale\" content=\"es_ES\" \/>\n<meta property=\"og:type\" content=\"article\" \/>\n<meta property=\"og:title\" content=\"Grupo impulsor del pacto para la reindustrializaci\u00f3n - Nodus Barber\u00e0\" \/>\n<meta property=\"og:description\" content=\"Grupo Impulsor Pacto Reindustrializaci\u00f3n Compartimos conocimiento con el Grupo Impulsor del Pacto por la Reindustrializaci\u00f3n del Consejo Comarcal del Vall\u00e8s Occidental. Trabajamos por la movilidad sostenible en los pol\u00edgonos industriales. Con BusUp obtenemos resultados muy positivos en cuanto a disminuci\u00f3n del tr\u00e1fico y de la contaminaci\u00f3n. \u00bfD\u00f3nde? 30 de octubre de 2018 Hora 14h \u00bfD\u00f3nde? [&hellip;]\" \/>\n<meta property=\"og:url\" content=\"https:\/\/nodusbarbera.cat\/es\/agenda\/pacto-reindustrializacion\/\" \/>\n<meta property=\"og:site_name\" content=\"Nodus Barber\u00e0\" \/>\n<meta property=\"article:publisher\" content=\"https:\/\/www.facebook.com\/nodusbarbera\" \/>\n<meta property=\"article:modified_time\" content=\"2020-02-13T13:40:28+00:00\" \/>\n<meta property=\"og:image\" content=\"http:\/\/wp-content\/uploads\/presentacio-busup-mobilitat-sostenible.jpg\" \/>\n<meta name=\"twitter:card\" content=\"summary_large_image\" \/>\n<meta name=\"twitter:site\" content=\"@nodusbarbera\" \/>\n<script type=\"application\/ld+json\" class=\"yoast-schema-graph\">{\"@context\":\"https:\\\/\\\/schema.org\",\"@graph\":[{\"@type\":\"WebPage\",\"@id\":\"https:\\\/\\\/nodusbarbera.cat\\\/es\\\/agenda\\\/pacto-reindustrializacion\\\/\",\"url\":\"https:\\\/\\\/nodusbarbera.cat\\\/es\\\/agenda\\\/pacto-reindustrializacion\\\/\",\"name\":\"Grupo impulsor del pacto para la reindustrializaci\u00f3n - Nodus Barber\u00e0\",\"isPartOf\":{\"@id\":\"https:\\\/\\\/nodusbarbera.cat\\\/#website\"},\"datePublished\":\"2019-06-27T12:04:37+00:00\",\"dateModified\":\"2020-02-13T13:40:28+00:00\",\"breadcrumb\":{\"@id\":\"https:\\\/\\\/nodusbarbera.cat\\\/es\\\/agenda\\\/pacto-reindustrializacion\\\/#breadcrumb\"},\"inLanguage\":\"es\",\"potentialAction\":[{\"@type\":\"ReadAction\",\"target\":[\"https:\\\/\\\/nodusbarbera.cat\\\/es\\\/agenda\\\/pacto-reindustrializacion\\\/\"]}]},{\"@type\":\"BreadcrumbList\",\"@id\":\"https:\\\/\\\/nodusbarbera.cat\\\/es\\\/agenda\\\/pacto-reindustrializacion\\\/#breadcrumb\",\"itemListElement\":[{\"@type\":\"ListItem\",\"position\":1,\"name\":\"Inici\",\"item\":\"https:\\\/\\\/nodusbarbera.cat\\\/\"},{\"@type\":\"ListItem\",\"position\":2,\"name\":\"Agenda\",\"item\":\"https:\\\/\\\/nodusbarbera.cat\\\/es\\\/agenda\\\/\"},{\"@type\":\"ListItem\",\"position\":3,\"name\":\"Grupo impulsor del pacto para la reindustrializaci\u00f3n\"}]},{\"@type\":\"WebSite\",\"@id\":\"https:\\\/\\\/nodusbarbera.cat\\\/#website\",\"url\":\"https:\\\/\\\/nodusbarbera.cat\\\/\",\"name\":\"Nodus Barber\u00e0\",\"description\":\"Lloguer d&#039;oficines i despatxos a Barber\u00e0 del Vall\u00e8s, Barcelona.\",\"publisher\":{\"@id\":\"https:\\\/\\\/nodusbarbera.cat\\\/#organization\"},\"potentialAction\":[{\"@type\":\"SearchAction\",\"target\":{\"@type\":\"EntryPoint\",\"urlTemplate\":\"https:\\\/\\\/nodusbarbera.cat\\\/?s={search_term_string}\"},\"query-input\":{\"@type\":\"PropertyValueSpecification\",\"valueRequired\":true,\"valueName\":\"search_term_string\"}}],\"inLanguage\":\"es\"},{\"@type\":\"Organization\",\"@id\":\"https:\\\/\\\/nodusbarbera.cat\\\/#organization\",\"name\":\"Nodus Barber\u00e0\",\"url\":\"https:\\\/\\\/nodusbarbera.cat\\\/\",\"logo\":{\"@type\":\"ImageObject\",\"inLanguage\":\"es\",\"@id\":\"https:\\\/\\\/nodusbarbera.cat\\\/#\\\/schema\\\/logo\\\/image\\\/\",\"url\":\"https:\\\/\\\/i0.wp.com\\\/nodusbarbera.cat\\\/wp-content\\\/uploads\\\/logo-footer-250.png?fit=250%2C231&ssl=1\",\"contentUrl\":\"https:\\\/\\\/i0.wp.com\\\/nodusbarbera.cat\\\/wp-content\\\/uploads\\\/logo-footer-250.png?fit=250%2C231&ssl=1\",\"width\":250,\"height\":231,\"caption\":\"Nodus Barber\u00e0\"},\"image\":{\"@id\":\"https:\\\/\\\/nodusbarbera.cat\\\/#\\\/schema\\\/logo\\\/image\\\/\"},\"sameAs\":[\"https:\\\/\\\/www.facebook.com\\\/nodusbarbera\",\"https:\\\/\\\/x.com\\\/nodusbarbera\",\"https:\\\/\\\/www.instagram.com\\\/nodusbarbera\\\/\",\"https:\\\/\\\/www.linkedin.com\\\/company\\\/nodus-barbera\\\/\",\"https:\\\/\\\/www.youtube.com\\\/channel\\\/UCLJYdjFDfFQP1aGYuzUFd6A\"]}]}<\/script>\n<!-- \/ Yoast SEO plugin. -->","yoast_head_json":{"title":"Grupo impulsor del pacto para la reindustrializaci\u00f3n - Nodus Barber\u00e0","robots":{"index":"index","follow":"follow","max-snippet":"max-snippet:-1","max-image-preview":"max-image-preview:large","max-video-preview":"max-video-preview:-1"},"canonical":"https:\/\/nodusbarbera.cat\/es\/agenda\/pacto-reindustrializacion\/","og_locale":"es_ES","og_type":"article","og_title":"Grupo impulsor del pacto para la reindustrializaci\u00f3n - Nodus Barber\u00e0","og_description":"Grupo Impulsor Pacto Reindustrializaci\u00f3n Compartimos conocimiento con el Grupo Impulsor del Pacto por la Reindustrializaci\u00f3n del Consejo Comarcal del Vall\u00e8s Occidental. Trabajamos por la movilidad sostenible en los pol\u00edgonos industriales. Con BusUp obtenemos resultados muy positivos en cuanto a disminuci\u00f3n del tr\u00e1fico y de la contaminaci\u00f3n. \u00bfD\u00f3nde? 30 de octubre de 2018 Hora 14h \u00bfD\u00f3nde? [&hellip;]","og_url":"https:\/\/nodusbarbera.cat\/es\/agenda\/pacto-reindustrializacion\/","og_site_name":"Nodus Barber\u00e0","article_publisher":"https:\/\/www.facebook.com\/nodusbarbera","article_modified_time":"2020-02-13T13:40:28+00:00","og_image":[{"url":"wp-content\/uploads\/presentacio-busup-mobilitat-sostenible.jpg","type":"","width":"","height":""}],"twitter_card":"summary_large_image","twitter_site":"@nodusbarbera","schema":{"@context":"https:\/\/schema.org","@graph":[{"@type":"WebPage","@id":"https:\/\/nodusbarbera.cat\/es\/agenda\/pacto-reindustrializacion\/","url":"https:\/\/nodusbarbera.cat\/es\/agenda\/pacto-reindustrializacion\/","name":"Grupo impulsor del pacto para la reindustrializaci\u00f3n - Nodus Barber\u00e0","isPartOf":{"@id":"https:\/\/nodusbarbera.cat\/#website"},"datePublished":"2019-06-27T12:04:37+00:00","dateModified":"2020-02-13T13:40:28+00:00","breadcrumb":{"@id":"https:\/\/nodusbarbera.cat\/es\/agenda\/pacto-reindustrializacion\/#breadcrumb"},"inLanguage":"es","potentialAction":[{"@type":"ReadAction","target":["https:\/\/nodusbarbera.cat\/es\/agenda\/pacto-reindustrializacion\/"]}]},{"@type":"BreadcrumbList","@id":"https:\/\/nodusbarbera.cat\/es\/agenda\/pacto-reindustrializacion\/#breadcrumb","itemListElement":[{"@type":"ListItem","position":1,"name":"Inici","item":"https:\/\/nodusbarbera.cat\/"},{"@type":"ListItem","position":2,"name":"Agenda","item":"https:\/\/nodusbarbera.cat\/es\/agenda\/"},{"@type":"ListItem","position":3,"name":"Grupo impulsor del pacto para la reindustrializaci\u00f3n"}]},{"@type":"WebSite","@id":"https:\/\/nodusbarbera.cat\/#website","url":"https:\/\/nodusbarbera.cat\/","name":"Nodus Barber\u00e0","description":"Lloguer d&#039;oficines i despatxos a Barber\u00e0 del Vall\u00e8s, Barcelona.","publisher":{"@id":"https:\/\/nodusbarbera.cat\/#organization"},"potentialAction":[{"@type":"SearchAction","target":{"@type":"EntryPoint","urlTemplate":"https:\/\/nodusbarbera.cat\/?s={search_term_string}"},"query-input":{"@type":"PropertyValueSpecification","valueRequired":true,"valueName":"search_term_string"}}],"inLanguage":"es"},{"@type":"Organization","@id":"https:\/\/nodusbarbera.cat\/#organization","name":"Nodus Barber\u00e0","url":"https:\/\/nodusbarbera.cat\/","logo":{"@type":"ImageObject","inLanguage":"es","@id":"https:\/\/nodusbarbera.cat\/#\/schema\/logo\/image\/","url":"https:\/\/i0.wp.com\/nodusbarbera.cat\/wp-content\/uploads\/logo-footer-250.png?fit=250%2C231&ssl=1","contentUrl":"https:\/\/i0.wp.com\/nodusbarbera.cat\/wp-content\/uploads\/logo-footer-250.png?fit=250%2C231&ssl=1","width":250,"height":231,"caption":"Nodus Barber\u00e0"},"image":{"@id":"https:\/\/nodusbarbera.cat\/#\/schema\/logo\/image\/"},"sameAs":["https:\/\/www.facebook.com\/nodusbarbera","https:\/\/x.com\/nodusbarbera","https:\/\/www.instagram.com\/nodusbarbera\/","https:\/\/www.linkedin.com\/company\/nodus-barbera\/","https:\/\/www.youtube.com\/channel\/UCLJYdjFDfFQP1aGYuzUFd6A"]}]}},"_links":{"self":[{"href":"https:\/\/nodusbarbera.cat\/es\/wp-json\/wp\/v2\/pages\/3772","targetHints":{"allow":["GET"]}}],"collection":[{"href":"https:\/\/nodusbarbera.cat\/es\/wp-json\/wp\/v2\/pages"}],"about":[{"href":"https:\/\/nodusbarbera.cat\/es\/wp-json\/wp\/v2\/types\/page"}],"author":[{"embeddable":true,"href":"https:\/\/nodusbarbera.cat\/es\/wp-json\/wp\/v2\/users\/2"}],"replies":[{"embeddable":true,"href":"https:\/\/nodusbarbera.cat\/es\/wp-json\/wp\/v2\/comments?post=3772"}],"version-history":[{"count":7,"href":"https:\/\/nodusbarbera.cat\/es\/wp-json\/wp\/v2\/pages\/3772\/revisions"}],"predecessor-version":[{"id":3813,"href":"https:\/\/nodusbarbera.cat\/es\/wp-json\/wp\/v2\/pages\/3772\/revisions\/3813"}],"up":[{"embeddable":true,"href":"https:\/\/nodusbarbera.cat\/es\/wp-json\/wp\/v2\/pages\/3638"}],"wp:attachment":[{"href":"https:\/\/nodusbarbera.cat\/es\/wp-json\/wp\/v2\/media?parent=3772"}],"curies":[{"name":"wp","href":"https:\/\/api.w.org\/{rel}","templated":true}]}}