{"id":6714,"date":"2022-07-06T10:35:08","date_gmt":"2022-07-06T08:35:08","guid":{"rendered":"https:\/\/nodusbarbera.cat\/agenda\/nodus-barbera-sera-seu-dels-propers-cobot-days-de-vicosystems\/"},"modified":"2022-07-06T11:49:41","modified_gmt":"2022-07-06T09:49:41","slug":"jornada-cobot-days-de-vicosystems","status":"publish","type":"page","link":"https:\/\/nodusbarbera.cat\/es\/agenda\/jornada-cobot-days-de-vicosystems\/","title":{"rendered":"Jornada COBOT DAYS de Vicosystems"},"content":{"rendered":"<h2>Jornada COBOT DAYS<\/h2>\n<div>\n<p><span>El pr\u00f3ximo\u00a0<\/span><span><strong>14 de julio<\/strong><\/span><span>\u00a0tienes una nueva cita con los COBOT DAYS de Vicosystems. En esta ocasi\u00f3n, te proponemos una jornada sobre rob\u00f3tica colaborativa en el\u00a0<\/span><strong>NODUS BARBER\u00c0<\/strong><span>, donde podr\u00e1s disfrutar de un showroom en directo de los productos y soluciones m\u00e1s novedosas de las primeras marcas del sector, con el objetivo de seguir promoviendo el valor de la rob\u00f3tica colaborativa entre la industria.<\/span><\/p>\n<p>Hemos preparado para ti un ciclo de ponencias de la mano de los mejores especialistas de estas marcas para que puedas formarte e informarte para estar siempre a la \u00faltima en automatizaci\u00f3n robotizada.\u00a0Conoce todos estos productos con m\u00e1s precisi\u00f3n, pr\u00faebalos t\u00fa mismo y asiste a demostraciones en directo por parte de nuestros partners especializados.<\/p>\n<p>Al finalizar las ponencias, ponemos a tu disposici\u00f3n una sesi\u00f3n de networking para que puedas contactar con los ponentes y asistentes que m\u00e1s te interesen.\u00a0Adem\u00e1s, te ofreceremos asesoramiento personalizado sobre c\u00f3mo implantar tus propios proyectos de rob\u00f3tica colaborativa, as\u00ed que trae contigo tus propuestas y te ayudaremos a hacerlos realidad.\u00a0<\/p>\n<p>El acceso requiere de un registro previo.<\/p>\n<p><strong>Jornada gratuita.<\/strong><\/p>\n<h3><strong>Inscripciones:<\/strong><\/h3>\n<p>A trav\u00e9s del formulario online. <a href=\"https:\/\/vicosystems.com\/cobot-days-2022\/\" target=\"_blank\" rel=\"noopener\">Clica aqu\u00ed<\/a>.<\/p>\n<p><strong>M\u00e1s Informaci\u00f3n:<br \/><\/strong>Centre de Negocis Nodus Barber\u00e0<br \/><a href=\"tel:+34937297272\">Tel. 93 729 72 72<\/a><br \/><a href=\"mailto:nodus@nodusbarbera.cat\" target=\"_blank\" rel=\"noopener\">nodus@nodusbarbera.cat<\/a><strong><br \/><\/strong><\/p>\n<\/div>\n<ul>\n<li>\n        <a href=\"https:\/\/vicosystems.com\/cobot-days-2022\/\">Ap\u00fantate<\/a>\n    <\/li>\n<li>\n        <a href=\"https:\/\/nodusbarbera.cat\/wp-content\/uploads\/Programa-NODUS-COBOT.jpg\">Desc\u00e1rgate el programa<\/a>\n    <\/li>\n<\/ul>\n<p><img decoding=\"async\" src=\"\/wp-content\/uploads\/Banner-NODUS-COBOT-DAYS-1.jpeg\" alt=\"\"><br \/>\n[calendar]<\/p>\n<div>\n<div>\n<h3>\u00bfCu\u00e1ndo?<\/h3>\n<p>jueves 14 de julio de 2022\u00a0<\/p>\n<\/div>\n<\/div>\n<p>[clock]<\/p>\n<div>\n<div>\n<h3>Hora<\/h3>\n<p>de 10:00h a 15:00h<\/p>\n<\/div>\n<\/div>\n<p>[location]<\/p>\n<div>\n<div>\n<h3>\u00bfD\u00f3nde?<a href=\"https:\/\/goo.gl\/maps\/ZGp8BqTLok82\"><\/a><\/h3>\n<p><strong>Centro de negocios Nodus Barber\u00e0<\/strong><br \/>Pol. Ind. Can Salvatella<br \/>Carrer Mogoda, 1<br \/>08210 Barber\u00e0 del Vall\u00e8s<\/p>\n<\/div>\n<\/div>\n<h2>Subscriu-te al nostre butllet\u00ed<\/h2>\n<div>\n<p>Estigues al dia de l&#8217;agenda de Nodus Barber\u00e0.<\/p>\n<\/div>\n<p><!--more--><br \/>\n<!-- {\"name\":\"xarxa\",\"type\":\"layout\",\"children\":[{\"name\":\"Intro\",\"type\":\"section\",\"props\":{\"style\":\"muted\",\"width\":\"large\",\"image_size\":\"contain\",\"animation\":\"fade\",\"padding_remove_top\":false,\"image\":\"\",\"image_position\":\"bottom-center\",\"media_overlay\":\"rgba(255, 255, 255, 0.87)\",\"class\":\"\",\"overlap\":false,\"header_transparent\":\"dark\",\"vertical_align\":\"middle\",\"title_position\":\"top-left\",\"title_rotation\":\"left\",\"title_breakpoint\":\"xl\"},\"children\":[{\"name\":\"\",\"type\":\"row\",\"props\":{\"layout\":\"1-2,1-2\"},\"children\":[{\"name\":\"\",\"type\":\"column\",\"props\":{\"image_position\":\"center-center\",\"media_overlay_gradient\":\"\",\"width_medium\":\"1-2\",\"position_sticky_breakpoint\":\"m\"},\"children\":[{\"name\":\"\",\"type\":\"headline\",\"props\":{\"title_element\":\"h2\",\"content\":\"Jornada COBOT DAYS\",\"title_style\":\"heading-small\",\"text_align\":\"center\",\"animation\":\"slide-right-medium\",\"title_color\":\"primary\"}},{\"name\":\"\",\"type\":\"text\",\"props\":{\"column_breakpoint\":\"m\",\"margin\":\"default\",\"content\":\"\n\n<p><span>El pr\\u00f3ximo\\u00a0<\\\/span><span><strong>14 de julio<\\\/strong><\\\/span><span>\\u00a0tienes una nueva cita con los COBOT DAYS de Vicosystems. En esta ocasi\\u00f3n, te proponemos una jornada sobre rob\\u00f3tica colaborativa en el\\u00a0<\\\/span><strong>NODUS BARBER\\u00c0<\\\/strong><span>, donde podr\\u00e1s disfrutar de un showroom en directo de los productos y soluciones m\\u00e1s novedosas de las primeras marcas del sector, con el objetivo de seguir promoviendo el valor de la rob\\u00f3tica colaborativa entre la industria.<\\\/span><\\\/p>\\n\n\n<p>Hemos preparado para ti un ciclo de ponencias de la mano de los mejores especialistas de estas marcas para que puedas formarte e informarte para estar siempre a la \\u00faltima en automatizaci\\u00f3n robotizada.\\u00a0Conoce todos estos productos con m\\u00e1s precisi\\u00f3n, pr\\u00faebalos t\\u00fa mismo y asiste a demostraciones en directo por parte de nuestros partners especializados.<\\\/p>\\n\n\n<p>Al finalizar las ponencias, ponemos a tu disposici\\u00f3n una sesi\\u00f3n de networking para que puedas contactar con los ponentes y asistentes que m\\u00e1s te interesen.\\u00a0Adem\\u00e1s, te ofreceremos asesoramiento personalizado sobre c\\u00f3mo implantar tus propios proyectos de rob\\u00f3tica colaborativa, as\\u00ed que trae contigo tus propuestas y te ayudaremos a hacerlos realidad.\\u00a0<\\\/p>\\n\n\n<p>El acceso requiere de un registro previo.<\\\/p>\\n\n\n<p><strong>Jornada gratuita.<\\\/strong><\\\/p>\\n\n\n<h3><strong>Inscripciones:<\\\/strong><\\\/h3>\\n\n\n<p>A trav\\u00e9s del formulario online. <a href=\\\"https:\\\/\\\/vicosystems.com\\\/cobot-days-2022\\\/\\\" target=\\\"_blank\\\" rel=\\\"noopener\\\">Clica aqu\\u00ed<\\\/a>.<\\\/p>\\n\n\n<p><strong>M\\u00e1s Informaci\\u00f3n:<br \\\/><\\\/strong>Centre de Negocis Nodus Barber\\u00e0<br \\\/><a href=\\\"tel:+34937297272\\\">Tel. 93 729 72 72<\\\/a><br \\\/><a href=\\\"mailto:nodus@nodusbarbera.cat\\\" target=\\\"_blank\\\" rel=\\\"noopener\\\">nodus@nodusbarbera.cat<\\\/a><strong><br \\\/><\\\/strong><\\\/p>\"}},{\"name\":\"\",\"type\":\"button\",\"props\":{\"margin\":\"medium\",\"text_align\":\"center\",\"grid_column_gap\":\"small\",\"grid_row_gap\":\"small\"},\"children\":[{\"name\":\"\",\"type\":\"button_item\",\"props\":{\"button_style\":\"primary\",\"icon_align\":\"left\",\"content\":\"Ap\\u00fantate\",\"link\":\"https:\\\/\\\/vicosystems.com\\\/cobot-days-2022\\\/\",\"link_target\":\"blank\"}},{\"type\":\"button_item\",\"props\":{\"button_style\":\"default\",\"icon_align\":\"left\",\"content\":\"Desc\\u00e1rgate el programa\",\"link\":\"https:\\\/\\\/nodusbarbera.cat\\\/wp-content\\\/uploads\\\/Programa-NODUS-COBOT.jpg\",\"link_target\":\"blank\"}}]}]},{\"type\":\"column\",\"props\":{\"image_position\":\"center-center\",\"media_overlay_gradient\":\"\",\"width_medium\":\"1-2\",\"position_sticky_breakpoint\":\"m\"},\"children\":[{\"name\":\"\",\"type\":\"image\",\"props\":{\"margin\":\"default\",\"image\":\"wp-content\\\/uploads\\\/Banner-NODUS-COBOT-DAYS-1.jpeg\",\"animation\":\"slide-bottom-medium\",\"text_align\":\"center\",\"image_alt\":\"\",\"image_height\":\"400\",\"image_svg_color\":\"emphasis\"}}]}]}]},{\"type\":\"section\",\"props\":{\"style\":\"default\",\"width\":\"large\",\"vertical_align\":\"middle\",\"title_position\":\"top-left\",\"title_rotation\":\"left\",\"title_breakpoint\":\"xl\",\"image_position\":\"center-center\"},\"children\":[{\"type\":\"row\",\"props\":{\"layout\":\"1-3,1-3,1-3\"},\"children\":[{\"type\":\"column\",\"props\":{\"image_position\":\"center-center\",\"media_overlay_gradient\":\"\",\"width_medium\":\"1-3\",\"position_sticky_breakpoint\":\"m\"},\"children\":[{\"type\":\"icon\",\"props\":{\"icon\":\"calendar\",\"margin\":\"default\",\"icon_color\":\"primary\",\"text_align\":\"center\",\"maxwidth\":\"medium\",\"block_align\":\"center\",\"icon_width\":60}},{\"type\":\"list\",\"props\":{\"show_image\":true,\"show_link\":true,\"image_align\":\"left\",\"image_vertical_align\":false,\"content_style\":\"h5\",\"icon_color\":\"primary\",\"text_align\":\"center\",\"maxwidth\":\"medium\",\"icon_ratio\":\"\",\"icon\":\"\",\"image_svg_color\":\"emphasis\",\"block_align\":\"center\",\"list_size\":\"\",\"list_element\":\"ul\",\"column_breakpoint\":\"m\",\"list_type\":\"vertical\",\"list_horizontal_separator\":\", \"},\"children\":[{\"type\":\"list_item\",\"props\":{\"icon\":\"\",\"content\":\"\n\n<h3>\\u00bfCu\\u00e1ndo?<\\\/h3>\\n\n\n<p>jueves 14 de julio de 2022\\u00a0<\\\/p>\"}}]}]},{\"type\":\"column\",\"props\":{\"image_position\":\"center-center\",\"media_overlay_gradient\":\"\",\"width_medium\":\"1-3\",\"position_sticky_breakpoint\":\"m\"},\"children\":[{\"type\":\"icon\",\"props\":{\"icon\":\"clock\",\"margin\":\"default\",\"icon_color\":\"primary\",\"text_align\":\"center\",\"maxwidth\":\"medium\",\"block_align\":\"center\",\"icon_width\":60}},{\"type\":\"list\",\"props\":{\"show_image\":true,\"show_link\":true,\"image_align\":\"left\",\"image_vertical_align\":false,\"content_style\":\"h5\",\"icon_color\":\"primary\",\"text_align\":\"center\",\"maxwidth\":\"medium\",\"icon_ratio\":\"\",\"icon\":\"\",\"image_svg_color\":\"emphasis\",\"block_align\":\"center\",\"list_size\":\"\",\"list_element\":\"ul\",\"column_breakpoint\":\"m\",\"list_type\":\"vertical\",\"list_horizontal_separator\":\", \"},\"children\":[{\"type\":\"list_item\",\"props\":{\"icon\":\"\",\"content\":\"\n\n<h3>Hora<\\\/h3>\\n\n\n<p>de 10:00h a 15:00h<\\\/p>\"}}]}]},{\"type\":\"column\",\"props\":{\"image_position\":\"center-center\",\"media_overlay_gradient\":\"\",\"width_medium\":\"1-3\",\"position_sticky_breakpoint\":\"m\"},\"children\":[{\"type\":\"icon\",\"props\":{\"icon\":\"location\",\"margin\":\"default\",\"icon_color\":\"primary\",\"text_align\":\"center\",\"maxwidth\":\"medium\",\"block_align\":\"center\",\"icon_width\":60}},{\"type\":\"list\",\"props\":{\"show_image\":true,\"show_link\":true,\"image_align\":\"left\",\"image_vertical_align\":false,\"content_style\":\"h5\",\"icon_color\":\"primary\",\"text_align\":\"center\",\"maxwidth\":\"medium\",\"icon_ratio\":\"\",\"icon\":\"\",\"image_svg_color\":\"emphasis\",\"block_align\":\"center\",\"list_size\":\"\",\"list_element\":\"ul\",\"column_breakpoint\":\"m\",\"list_type\":\"vertical\",\"list_horizontal_separator\":\", \"},\"children\":[{\"type\":\"list_item\",\"props\":{\"icon\":\"\",\"content\":\"\n\n<h3>\\u00bfD\\u00f3nde?<a href=\\\"https:\\\/\\\/goo.gl\\\/maps\\\/ZGp8BqTLok82\\\"><\\\/a><\\\/h3>\\n\n\n<p><strong>Centro de negocios Nodus Barber\\u00e0<\\\/strong><br \\\/>Pol. Ind. Can Salvatella<br \\\/>Carrer Mogoda, 1<br \\\/>08210 Barber\\u00e0 del Vall\\u00e8s<\\\/p>\"}}]}]}]}]},{\"name\":\"CTA newsletter\",\"type\":\"section\",\"props\":{\"style\":\"primary\",\"width\":\"small\",\"vertical_align\":\"middle\",\"title_position\":\"top-left\",\"title_rotation\":\"left\",\"title_breakpoint\":\"xl\",\"image_position\":\"center-center\",\"image\":\"wp-content\\\/uploads\\\/IMG_6048.jpg\",\"padding\":\"large\",\"padding_remove_bottom\":false,\"image_size\":\"cover\",\"media_background\":\"rgba(170, 55, 55, 0)\",\"media_overlay\":\"rgba(0, 0, 0, 0.25)\",\"preserve_color\":false},\"children\":[{\"name\":\"\",\"type\":\"row\",\"props\":{\"layout\":\"1-3,2-3\",\"margin\":\"remove-vertical\",\"vertical_align\":false,\"column_gap\":\"large\",\"row_gap\":\"large\"},\"children\":[{\"name\":\"\",\"type\":\"column\",\"props\":{\"image_position\":\"center-center\",\"image\":\"\",\"padding\":\"large\",\"image_width\":\"1559\",\"image_height\":\"315\",\"media_overlay_gradient\":\"\",\"width_medium\":\"1-3\",\"position_sticky_breakpoint\":\"m\"},\"children\":[{\"name\":\"\",\"type\":\"headline\",\"props\":{\"title_element\":\"h2\",\"text_align\":\"left\",\"content\":\"Subscriu-te al nostre butllet\\u00ed\",\"title_style\":\"h3\",\"title_color\":\"warning\"}}]},{\"name\":\"\",\"type\":\"column\",\"props\":{\"image_position\":\"center-center\",\"media_overlay_gradient\":\"\",\"width_medium\":\"2-3\",\"position_sticky_breakpoint\":\"m\"},\"children\":[{\"name\":\"\",\"type\":\"newsletter\",\"props\":{\"layout\":\"grid\",\"show_name\":false,\"label_first_name\":\"First name\",\"label_last_name\":\"Last name\",\"label_email\":\"Adre\\u00e7a electr\\u00f2nica\",\"label_button\":\"Enviar\",\"provider\":{\"name\":\"mailchimp\",\"after_submit\":\"message\",\"message\":\"You've been subscribed successfully.\",\"redirect\":\"\"},\"mailchimp\":{\"client_id\":\"\",\"list_id\":\"\"},\"cmonitor\":{\"client_id\":\"\",\"list_id\":\"\"},\"button_mode\":\"button\",\"button_style\":\"primary\",\"button_icon\":\"mail\",\"form_size\":\"\",\"maxwidth\":\"2xlarge\",\"form_style\":\"\",\"button_margin\":\"\",\"gap\":\"\"}},{\"name\":\"\",\"type\":\"text\",\"props\":{\"margin\":\"default\",\"column_breakpoint\":\"m\",\"content\":\"\n\n<p>Estigues al dia de l'agenda de Nodus Barber\\u00e0.<\\\/p>\",\"text_style\":\"lead\",\"text_color\":\"warning\",\"css\":\".el-element {color: white !important;}\"}}]}]}]}],\"version\":\"2.7.22\"} --><\/p>\n","protected":false},"excerpt":{"rendered":"<p>Jornada COBOT DAYS El pr\u00f3ximo\u00a014 de julio\u00a0tienes una nueva cita con los COBOT DAYS de Vicosystems. En esta ocasi\u00f3n, te proponemos una jornada sobre rob\u00f3tica colaborativa en el\u00a0NODUS BARBER\u00c0, donde podr\u00e1s disfrutar de un showroom en directo de los productos y soluciones m\u00e1s novedosas de las primeras marcas del sector, con el objetivo de seguir [&hellip;]<\/p>\n","protected":false},"author":2,"featured_media":0,"parent":3638,"menu_order":0,"comment_status":"closed","ping_status":"closed","template":"","meta":{"footnotes":""},"class_list":["post-6714","page","type-page","status-publish","hentry"],"yoast_head":"<!-- This site is optimized with the Yoast SEO plugin v27.5 - https:\/\/yoast.com\/product\/yoast-seo-wordpress\/ -->\n<title>Jornada COBOT DAYS de Vicosystems - Nodus Barber\u00e0<\/title>\n<meta name=\"robots\" content=\"index, follow, max-snippet:-1, max-image-preview:large, max-video-preview:-1\" \/>\n<link rel=\"canonical\" href=\"https:\/\/nodusbarbera.cat\/es\/agenda\/jornada-cobot-days-de-vicosystems\/\" \/>\n<meta property=\"og:locale\" content=\"es_ES\" \/>\n<meta property=\"og:type\" content=\"article\" \/>\n<meta property=\"og:title\" content=\"Jornada COBOT DAYS de Vicosystems - Nodus Barber\u00e0\" \/>\n<meta property=\"og:description\" content=\"Jornada COBOT DAYS El pr\u00f3ximo\u00a014 de julio\u00a0tienes una nueva cita con los COBOT DAYS de Vicosystems. En esta ocasi\u00f3n, te proponemos una jornada sobre rob\u00f3tica colaborativa en el\u00a0NODUS BARBER\u00c0, donde podr\u00e1s disfrutar de un showroom en directo de los productos y soluciones m\u00e1s novedosas de las primeras marcas del sector, con el objetivo de seguir [&hellip;]\" \/>\n<meta property=\"og:url\" content=\"https:\/\/nodusbarbera.cat\/es\/agenda\/jornada-cobot-days-de-vicosystems\/\" \/>\n<meta property=\"og:site_name\" content=\"Nodus Barber\u00e0\" \/>\n<meta property=\"article:publisher\" content=\"https:\/\/www.facebook.com\/nodusbarbera\" \/>\n<meta property=\"article:modified_time\" content=\"2022-07-06T09:49:41+00:00\" \/>\n<meta name=\"twitter:card\" content=\"summary_large_image\" \/>\n<meta name=\"twitter:site\" content=\"@nodusbarbera\" \/>\n<meta name=\"twitter:label1\" content=\"Tiempo de lectura\" \/>\n\t<meta name=\"twitter:data1\" content=\"1 minuto\" \/>\n<script type=\"application\/ld+json\" class=\"yoast-schema-graph\">{\"@context\":\"https:\\\/\\\/schema.org\",\"@graph\":[{\"@type\":\"WebPage\",\"@id\":\"https:\\\/\\\/nodusbarbera.cat\\\/es\\\/agenda\\\/jornada-cobot-days-de-vicosystems\\\/\",\"url\":\"https:\\\/\\\/nodusbarbera.cat\\\/es\\\/agenda\\\/jornada-cobot-days-de-vicosystems\\\/\",\"name\":\"Jornada COBOT DAYS de Vicosystems - Nodus Barber\u00e0\",\"isPartOf\":{\"@id\":\"https:\\\/\\\/nodusbarbera.cat\\\/#website\"},\"datePublished\":\"2022-07-06T08:35:08+00:00\",\"dateModified\":\"2022-07-06T09:49:41+00:00\",\"breadcrumb\":{\"@id\":\"https:\\\/\\\/nodusbarbera.cat\\\/es\\\/agenda\\\/jornada-cobot-days-de-vicosystems\\\/#breadcrumb\"},\"inLanguage\":\"es\",\"potentialAction\":[{\"@type\":\"ReadAction\",\"target\":[\"https:\\\/\\\/nodusbarbera.cat\\\/es\\\/agenda\\\/jornada-cobot-days-de-vicosystems\\\/\"]}]},{\"@type\":\"BreadcrumbList\",\"@id\":\"https:\\\/\\\/nodusbarbera.cat\\\/es\\\/agenda\\\/jornada-cobot-days-de-vicosystems\\\/#breadcrumb\",\"itemListElement\":[{\"@type\":\"ListItem\",\"position\":1,\"name\":\"Inici\",\"item\":\"https:\\\/\\\/nodusbarbera.cat\\\/\"},{\"@type\":\"ListItem\",\"position\":2,\"name\":\"Agenda\",\"item\":\"https:\\\/\\\/nodusbarbera.cat\\\/es\\\/agenda\\\/\"},{\"@type\":\"ListItem\",\"position\":3,\"name\":\"Jornada COBOT DAYS de Vicosystems\"}]},{\"@type\":\"WebSite\",\"@id\":\"https:\\\/\\\/nodusbarbera.cat\\\/#website\",\"url\":\"https:\\\/\\\/nodusbarbera.cat\\\/\",\"name\":\"Nodus Barber\u00e0\",\"description\":\"Lloguer d&#039;oficines i despatxos a Barber\u00e0 del Vall\u00e8s, Barcelona.\",\"publisher\":{\"@id\":\"https:\\\/\\\/nodusbarbera.cat\\\/#organization\"},\"potentialAction\":[{\"@type\":\"SearchAction\",\"target\":{\"@type\":\"EntryPoint\",\"urlTemplate\":\"https:\\\/\\\/nodusbarbera.cat\\\/?s={search_term_string}\"},\"query-input\":{\"@type\":\"PropertyValueSpecification\",\"valueRequired\":true,\"valueName\":\"search_term_string\"}}],\"inLanguage\":\"es\"},{\"@type\":\"Organization\",\"@id\":\"https:\\\/\\\/nodusbarbera.cat\\\/#organization\",\"name\":\"Nodus Barber\u00e0\",\"url\":\"https:\\\/\\\/nodusbarbera.cat\\\/\",\"logo\":{\"@type\":\"ImageObject\",\"inLanguage\":\"es\",\"@id\":\"https:\\\/\\\/nodusbarbera.cat\\\/#\\\/schema\\\/logo\\\/image\\\/\",\"url\":\"https:\\\/\\\/i0.wp.com\\\/nodusbarbera.cat\\\/wp-content\\\/uploads\\\/logo-footer-250.png?fit=250%2C231&ssl=1\",\"contentUrl\":\"https:\\\/\\\/i0.wp.com\\\/nodusbarbera.cat\\\/wp-content\\\/uploads\\\/logo-footer-250.png?fit=250%2C231&ssl=1\",\"width\":250,\"height\":231,\"caption\":\"Nodus Barber\u00e0\"},\"image\":{\"@id\":\"https:\\\/\\\/nodusbarbera.cat\\\/#\\\/schema\\\/logo\\\/image\\\/\"},\"sameAs\":[\"https:\\\/\\\/www.facebook.com\\\/nodusbarbera\",\"https:\\\/\\\/x.com\\\/nodusbarbera\",\"https:\\\/\\\/www.instagram.com\\\/nodusbarbera\\\/\",\"https:\\\/\\\/www.linkedin.com\\\/company\\\/nodus-barbera\\\/\",\"https:\\\/\\\/www.youtube.com\\\/channel\\\/UCLJYdjFDfFQP1aGYuzUFd6A\"]}]}<\/script>\n<!-- \/ Yoast SEO plugin. -->","yoast_head_json":{"title":"Jornada COBOT DAYS de Vicosystems - Nodus Barber\u00e0","robots":{"index":"index","follow":"follow","max-snippet":"max-snippet:-1","max-image-preview":"max-image-preview:large","max-video-preview":"max-video-preview:-1"},"canonical":"https:\/\/nodusbarbera.cat\/es\/agenda\/jornada-cobot-days-de-vicosystems\/","og_locale":"es_ES","og_type":"article","og_title":"Jornada COBOT DAYS de Vicosystems - Nodus Barber\u00e0","og_description":"Jornada COBOT DAYS El pr\u00f3ximo\u00a014 de julio\u00a0tienes una nueva cita con los COBOT DAYS de Vicosystems. En esta ocasi\u00f3n, te proponemos una jornada sobre rob\u00f3tica colaborativa en el\u00a0NODUS BARBER\u00c0, donde podr\u00e1s disfrutar de un showroom en directo de los productos y soluciones m\u00e1s novedosas de las primeras marcas del sector, con el objetivo de seguir [&hellip;]","og_url":"https:\/\/nodusbarbera.cat\/es\/agenda\/jornada-cobot-days-de-vicosystems\/","og_site_name":"Nodus Barber\u00e0","article_publisher":"https:\/\/www.facebook.com\/nodusbarbera","article_modified_time":"2022-07-06T09:49:41+00:00","twitter_card":"summary_large_image","twitter_site":"@nodusbarbera","twitter_misc":{"Tiempo de lectura":"1 minuto"},"schema":{"@context":"https:\/\/schema.org","@graph":[{"@type":"WebPage","@id":"https:\/\/nodusbarbera.cat\/es\/agenda\/jornada-cobot-days-de-vicosystems\/","url":"https:\/\/nodusbarbera.cat\/es\/agenda\/jornada-cobot-days-de-vicosystems\/","name":"Jornada COBOT DAYS de Vicosystems - Nodus Barber\u00e0","isPartOf":{"@id":"https:\/\/nodusbarbera.cat\/#website"},"datePublished":"2022-07-06T08:35:08+00:00","dateModified":"2022-07-06T09:49:41+00:00","breadcrumb":{"@id":"https:\/\/nodusbarbera.cat\/es\/agenda\/jornada-cobot-days-de-vicosystems\/#breadcrumb"},"inLanguage":"es","potentialAction":[{"@type":"ReadAction","target":["https:\/\/nodusbarbera.cat\/es\/agenda\/jornada-cobot-days-de-vicosystems\/"]}]},{"@type":"BreadcrumbList","@id":"https:\/\/nodusbarbera.cat\/es\/agenda\/jornada-cobot-days-de-vicosystems\/#breadcrumb","itemListElement":[{"@type":"ListItem","position":1,"name":"Inici","item":"https:\/\/nodusbarbera.cat\/"},{"@type":"ListItem","position":2,"name":"Agenda","item":"https:\/\/nodusbarbera.cat\/es\/agenda\/"},{"@type":"ListItem","position":3,"name":"Jornada COBOT DAYS de Vicosystems"}]},{"@type":"WebSite","@id":"https:\/\/nodusbarbera.cat\/#website","url":"https:\/\/nodusbarbera.cat\/","name":"Nodus Barber\u00e0","description":"Lloguer d&#039;oficines i despatxos a Barber\u00e0 del Vall\u00e8s, Barcelona.","publisher":{"@id":"https:\/\/nodusbarbera.cat\/#organization"},"potentialAction":[{"@type":"SearchAction","target":{"@type":"EntryPoint","urlTemplate":"https:\/\/nodusbarbera.cat\/?s={search_term_string}"},"query-input":{"@type":"PropertyValueSpecification","valueRequired":true,"valueName":"search_term_string"}}],"inLanguage":"es"},{"@type":"Organization","@id":"https:\/\/nodusbarbera.cat\/#organization","name":"Nodus Barber\u00e0","url":"https:\/\/nodusbarbera.cat\/","logo":{"@type":"ImageObject","inLanguage":"es","@id":"https:\/\/nodusbarbera.cat\/#\/schema\/logo\/image\/","url":"https:\/\/i0.wp.com\/nodusbarbera.cat\/wp-content\/uploads\/logo-footer-250.png?fit=250%2C231&ssl=1","contentUrl":"https:\/\/i0.wp.com\/nodusbarbera.cat\/wp-content\/uploads\/logo-footer-250.png?fit=250%2C231&ssl=1","width":250,"height":231,"caption":"Nodus Barber\u00e0"},"image":{"@id":"https:\/\/nodusbarbera.cat\/#\/schema\/logo\/image\/"},"sameAs":["https:\/\/www.facebook.com\/nodusbarbera","https:\/\/x.com\/nodusbarbera","https:\/\/www.instagram.com\/nodusbarbera\/","https:\/\/www.linkedin.com\/company\/nodus-barbera\/","https:\/\/www.youtube.com\/channel\/UCLJYdjFDfFQP1aGYuzUFd6A"]}]}},"_links":{"self":[{"href":"https:\/\/nodusbarbera.cat\/es\/wp-json\/wp\/v2\/pages\/6714","targetHints":{"allow":["GET"]}}],"collection":[{"href":"https:\/\/nodusbarbera.cat\/es\/wp-json\/wp\/v2\/pages"}],"about":[{"href":"https:\/\/nodusbarbera.cat\/es\/wp-json\/wp\/v2\/types\/page"}],"author":[{"embeddable":true,"href":"https:\/\/nodusbarbera.cat\/es\/wp-json\/wp\/v2\/users\/2"}],"replies":[{"embeddable":true,"href":"https:\/\/nodusbarbera.cat\/es\/wp-json\/wp\/v2\/comments?post=6714"}],"version-history":[{"count":8,"href":"https:\/\/nodusbarbera.cat\/es\/wp-json\/wp\/v2\/pages\/6714\/revisions"}],"predecessor-version":[{"id":6730,"href":"https:\/\/nodusbarbera.cat\/es\/wp-json\/wp\/v2\/pages\/6714\/revisions\/6730"}],"up":[{"embeddable":true,"href":"https:\/\/nodusbarbera.cat\/es\/wp-json\/wp\/v2\/pages\/3638"}],"wp:attachment":[{"href":"https:\/\/nodusbarbera.cat\/es\/wp-json\/wp\/v2\/media?parent=6714"}],"curies":[{"name":"wp","href":"https:\/\/api.w.org\/{rel}","templated":true}]}}